{"id":279,"date":"2026-03-03T09:11:10","date_gmt":"2026-03-03T09:11:10","guid":{"rendered":"https:\/\/shmodular.com\/?post_type=product&#038;p=279"},"modified":"2026-03-03T09:22:37","modified_gmt":"2026-03-03T09:22:37","slug":"apple-cabin-p7","status":"publish","type":"product","link":"https:\/\/shmodular.com\/fr\/produit\/apple-cabin-p7\/","title":{"rendered":"Cabane Apple \u2013 P7"},"content":{"rendered":"<p><img loading=\"lazy\" decoding=\"async\" class=\"aligncenter size-full wp-image-288\" src=\"https:\/\/shmodular.com\/wp-content\/uploads\/2026\/03\/2-3-1.\u5c3a\u5bf8.webp\" alt=\"\" width=\"800\" height=\"186\" srcset=\"https:\/\/shmodular.com\/wp-content\/uploads\/2026\/03\/2-3-1.\u5c3a\u5bf8.webp 800w, https:\/\/shmodular.com\/wp-content\/uploads\/2026\/03\/2-3-1.\u5c3a\u5bf8-500x116.webp 500w, https:\/\/shmodular.com\/wp-content\/uploads\/2026\/03\/2-3-1.\u5c3a\u5bf8-300x70.webp 300w, https:\/\/shmodular.com\/wp-content\/uploads\/2026\/03\/2-3-1.\u5c3a\u5bf8-768x179.webp 768w, https:\/\/shmodular.com\/wp-content\/uploads\/2026\/03\/2-3-1.\u5c3a\u5bf8-18x4.webp 18w, https:\/\/shmodular.com\/wp-content\/uploads\/2026\/03\/2-3-1.\u5c3a\u5bf8-150x35.webp 150w, https:\/\/shmodular.com\/wp-content\/uploads\/2026\/03\/2-3-1.\u5c3a\u5bf8-484x113.webp 484w\" sizes=\"auto, (max-width:767px) 484px, (max-width:800px) 100vw, 800px\" \/> <img loading=\"lazy\" decoding=\"async\" class=\"aligncenter size-full wp-image-283\" src=\"https:\/\/shmodular.com\/wp-content\/uploads\/2026\/03\/2-3-2.webp\" alt=\"\" width=\"737\" height=\"237\" srcset=\"https:\/\/shmodular.com\/wp-content\/uploads\/2026\/03\/2-3-2.webp 737w, https:\/\/shmodular.com\/wp-content\/uploads\/2026\/03\/2-3-2-500x161.webp 500w, https:\/\/shmodular.com\/wp-content\/uploads\/2026\/03\/2-3-2-300x96.webp 300w, https:\/\/shmodular.com\/wp-content\/uploads\/2026\/03\/2-3-2-18x6.webp 18w, https:\/\/shmodular.com\/wp-content\/uploads\/2026\/03\/2-3-2-150x48.webp 150w, https:\/\/shmodular.com\/wp-content\/uploads\/2026\/03\/2-3-2-484x156.webp 484w\" sizes=\"auto, (max-width:767px) 484px, 737px\" \/> <img loading=\"lazy\" decoding=\"async\" class=\"aligncenter size-full wp-image-287\" src=\"https:\/\/shmodular.com\/wp-content\/uploads\/2026\/03\/2-3-3.webp\" alt=\"\" width=\"800\" height=\"330\" srcset=\"https:\/\/shmodular.com\/wp-content\/uploads\/2026\/03\/2-3-3.webp 800w, https:\/\/shmodular.com\/wp-content\/uploads\/2026\/03\/2-3-3-500x206.webp 500w, https:\/\/shmodular.com\/wp-content\/uploads\/2026\/03\/2-3-3-300x124.webp 300w, https:\/\/shmodular.com\/wp-content\/uploads\/2026\/03\/2-3-3-768x317.webp 768w, https:\/\/shmodular.com\/wp-content\/uploads\/2026\/03\/2-3-3-18x7.webp 18w, https:\/\/shmodular.com\/wp-content\/uploads\/2026\/03\/2-3-3-150x62.webp 150w, https:\/\/shmodular.com\/wp-content\/uploads\/2026\/03\/2-3-3-484x200.webp 484w\" sizes=\"auto, (max-width:767px) 484px, (max-width:800px) 100vw, 800px\" \/> <img loading=\"lazy\" decoding=\"async\" class=\"aligncenter size-full wp-image-285\" src=\"https:\/\/shmodular.com\/wp-content\/uploads\/2026\/03\/2-3-4.webp\" alt=\"\" width=\"800\" height=\"2222\" srcset=\"https:\/\/shmodular.com\/wp-content\/uploads\/2026\/03\/2-3-4.webp 800w, https:\/\/shmodular.com\/wp-content\/uploads\/2026\/03\/2-3-4-180x500.webp 180w, https:\/\/shmodular.com\/wp-content\/uploads\/2026\/03\/2-3-4-432x1200.webp 432w, https:\/\/shmodular.com\/wp-content\/uploads\/2026\/03\/2-3-4-108x300.webp 108w, https:\/\/shmodular.com\/wp-content\/uploads\/2026\/03\/2-3-4-768x2133.webp 768w, https:\/\/shmodular.com\/wp-content\/uploads\/2026\/03\/2-3-4-553x1536.webp 553w, https:\/\/shmodular.com\/wp-content\/uploads\/2026\/03\/2-3-4-737x2048.webp 737w, https:\/\/shmodular.com\/wp-content\/uploads\/2026\/03\/2-3-4-4x12.webp 4w, https:\/\/shmodular.com\/wp-content\/uploads\/2026\/03\/2-3-4-27x75.webp 27w, https:\/\/shmodular.com\/wp-content\/uploads\/2026\/03\/2-3-4-349x968.webp 349w\" sizes=\"auto, (max-width:767px) 484px, (max-width:800px) 100vw, 800px\" \/> <img loading=\"lazy\" decoding=\"async\" class=\"aligncenter size-full wp-image-289\" src=\"https:\/\/shmodular.com\/wp-content\/uploads\/2026\/03\/2-3-5_\u526f\u672c.webp\" alt=\"\" width=\"800\" height=\"1637\" srcset=\"https:\/\/shmodular.com\/wp-content\/uploads\/2026\/03\/2-3-5_\u526f\u672c.webp 800w, https:\/\/shmodular.com\/wp-content\/uploads\/2026\/03\/2-3-5_\u526f\u672c-244x500.webp 244w, https:\/\/shmodular.com\/wp-content\/uploads\/2026\/03\/2-3-5_\u526f\u672c-586x1200.webp 586w, https:\/\/shmodular.com\/wp-content\/uploads\/2026\/03\/2-3-5_\u526f\u672c-147x300.webp 147w, https:\/\/shmodular.com\/wp-content\/uploads\/2026\/03\/2-3-5_\u526f\u672c-768x1572.webp 768w, https:\/\/shmodular.com\/wp-content\/uploads\/2026\/03\/2-3-5_\u526f\u672c-751x1536.webp 751w, https:\/\/shmodular.com\/wp-content\/uploads\/2026\/03\/2-3-5_\u526f\u672c-6x12.webp 6w, https:\/\/shmodular.com\/wp-content\/uploads\/2026\/03\/2-3-5_\u526f\u672c-37x75.webp 37w, https:\/\/shmodular.com\/wp-content\/uploads\/2026\/03\/2-3-5_\u526f\u672c-473x968.webp 473w\" sizes=\"auto, (max-width:767px) 484px, (max-width:800px) 100vw, 800px\" \/> <img loading=\"lazy\" decoding=\"async\" class=\"aligncenter size-full wp-image-290\" src=\"https:\/\/shmodular.com\/wp-content\/uploads\/2026\/03\/2-3-6_\u526f\u672c.webp\" alt=\"\" width=\"800\" height=\"2202\" srcset=\"https:\/\/shmodular.com\/wp-content\/uploads\/2026\/03\/2-3-6_\u526f\u672c.webp 800w, https:\/\/shmodular.com\/wp-content\/uploads\/2026\/03\/2-3-6_\u526f\u672c-182x500.webp 182w, https:\/\/shmodular.com\/wp-content\/uploads\/2026\/03\/2-3-6_\u526f\u672c-436x1200.webp 436w, https:\/\/shmodular.com\/wp-content\/uploads\/2026\/03\/2-3-6_\u526f\u672c-109x300.webp 109w, https:\/\/shmodular.com\/wp-content\/uploads\/2026\/03\/2-3-6_\u526f\u672c-768x2114.webp 768w, https:\/\/shmodular.com\/wp-content\/uploads\/2026\/03\/2-3-6_\u526f\u672c-558x1536.webp 558w, https:\/\/shmodular.com\/wp-content\/uploads\/2026\/03\/2-3-6_\u526f\u672c-744x2048.webp 744w, https:\/\/shmodular.com\/wp-content\/uploads\/2026\/03\/2-3-6_\u526f\u672c-4x12.webp 4w, https:\/\/shmodular.com\/wp-content\/uploads\/2026\/03\/2-3-6_\u526f\u672c-27x75.webp 27w, https:\/\/shmodular.com\/wp-content\/uploads\/2026\/03\/2-3-6_\u526f\u672c-352x968.webp 352w\" sizes=\"auto, (max-width:767px) 484px, (max-width:800px) 100vw, 800px\" \/> <img loading=\"lazy\" decoding=\"async\" class=\"aligncenter size-full wp-image-286\" src=\"https:\/\/shmodular.com\/wp-content\/uploads\/2026\/03\/2-3-7.webp\" alt=\"\" width=\"800\" height=\"2121\" srcset=\"https:\/\/shmodular.com\/wp-content\/uploads\/2026\/03\/2-3-7.webp 800w, https:\/\/shmodular.com\/wp-content\/uploads\/2026\/03\/2-3-7-189x500.webp 189w, https:\/\/shmodular.com\/wp-content\/uploads\/2026\/03\/2-3-7-453x1200.webp 453w, https:\/\/shmodular.com\/wp-content\/uploads\/2026\/03\/2-3-7-113x300.webp 113w, https:\/\/shmodular.com\/wp-content\/uploads\/2026\/03\/2-3-7-768x2036.webp 768w, https:\/\/shmodular.com\/wp-content\/uploads\/2026\/03\/2-3-7-579x1536.webp 579w, https:\/\/shmodular.com\/wp-content\/uploads\/2026\/03\/2-3-7-772x2048.webp 772w, https:\/\/shmodular.com\/wp-content\/uploads\/2026\/03\/2-3-7-5x12.webp 5w, https:\/\/shmodular.com\/wp-content\/uploads\/2026\/03\/2-3-7-28x75.webp 28w, https:\/\/shmodular.com\/wp-content\/uploads\/2026\/03\/2-3-7-365x968.webp 365w\" sizes=\"auto, (max-width:767px) 484px, (max-width:800px) 100vw, 800px\" \/> <img loading=\"lazy\" decoding=\"async\" class=\"aligncenter size-full wp-image-291\" src=\"https:\/\/shmodular.com\/wp-content\/uploads\/2026\/03\/2-3-8_\u526f\u672c.webp\" alt=\"\" width=\"800\" height=\"2060\" srcset=\"https:\/\/shmodular.com\/wp-content\/uploads\/2026\/03\/2-3-8_\u526f\u672c.webp 800w, https:\/\/shmodular.com\/wp-content\/uploads\/2026\/03\/2-3-8_\u526f\u672c-194x500.webp 194w, https:\/\/shmodular.com\/wp-content\/uploads\/2026\/03\/2-3-8_\u526f\u672c-466x1200.webp 466w, https:\/\/shmodular.com\/wp-content\/uploads\/2026\/03\/2-3-8_\u526f\u672c-117x300.webp 117w, https:\/\/shmodular.com\/wp-content\/uploads\/2026\/03\/2-3-8_\u526f\u672c-768x1978.webp 768w, https:\/\/shmodular.com\/wp-content\/uploads\/2026\/03\/2-3-8_\u526f\u672c-597x1536.webp 597w, https:\/\/shmodular.com\/wp-content\/uploads\/2026\/03\/2-3-8_\u526f\u672c-795x2048.webp 795w, https:\/\/shmodular.com\/wp-content\/uploads\/2026\/03\/2-3-8_\u526f\u672c-5x12.webp 5w, https:\/\/shmodular.com\/wp-content\/uploads\/2026\/03\/2-3-8_\u526f\u672c-29x75.webp 29w, https:\/\/shmodular.com\/wp-content\/uploads\/2026\/03\/2-3-8_\u526f\u672c-376x968.webp 376w\" sizes=\"auto, (max-width:767px) 484px, (max-width:800px) 100vw, 800px\" \/> <img loading=\"lazy\" decoding=\"async\" class=\"aligncenter size-full wp-image-284\" src=\"https:\/\/shmodular.com\/wp-content\/uploads\/2026\/03\/2-3-9-scaled.webp\" alt=\"\" width=\"773\" height=\"2560\" srcset=\"https:\/\/shmodular.com\/wp-content\/uploads\/2026\/03\/2-3-9-scaled.webp 773w, https:\/\/shmodular.com\/wp-content\/uploads\/2026\/03\/2-3-9-151x500.webp 151w, https:\/\/shmodular.com\/wp-content\/uploads\/2026\/03\/2-3-9-362x1200.webp 362w, https:\/\/shmodular.com\/wp-content\/uploads\/2026\/03\/2-3-9-91x300.webp 91w, https:\/\/shmodular.com\/wp-content\/uploads\/2026\/03\/2-3-9-768x2544.webp 768w, https:\/\/shmodular.com\/wp-content\/uploads\/2026\/03\/2-3-9-464x1536.webp 464w, https:\/\/shmodular.com\/wp-content\/uploads\/2026\/03\/2-3-9-618x2048.webp 618w, https:\/\/shmodular.com\/wp-content\/uploads\/2026\/03\/2-3-9-4x12.webp 4w, https:\/\/shmodular.com\/wp-content\/uploads\/2026\/03\/2-3-9-23x75.webp 23w, https:\/\/shmodular.com\/wp-content\/uploads\/2026\/03\/2-3-9-292x968.webp 292w\" sizes=\"auto, (max-width:767px) 484px, (max-width:773px) 100vw, 773px\" \/><\/p>","protected":false},"excerpt":{"rendered":"<p>01. Adapt\u00e9 \u00e0 tous les terrains, d\u00e9veloppement respectueux de l&#039;environnement<br \/>\nPas besoin de fondations\u00a0; adaptable \u00e0 divers terrains tels que les montagnes, les for\u00eats denses et les vasi\u00e8res. Aucun dommage \u00e0 la v\u00e9g\u00e9tation ni production de d\u00e9chets de construction, garantissant un d\u00e9veloppement respectueux de l\u2019environnement.<\/p>\n<p>02. Maisons pr\u00e9fabriqu\u00e9es, installation rapide<br \/>\n30 jours de production en usine, et des maisons enti\u00e8rement int\u00e9gr\u00e9es pr\u00eates \u00e0 l&#039;emploi dans les 2 heures suivant l&#039;installation, sans besoin de travaux de construction ou de r\u00e9novation sur site.<\/p>\n<p>03. Un design digne d&#039;Instagram et qui attire l&#039;attention<br \/>\nCe lieu attire l&#039;attention des influenceurs des m\u00e9dias sociaux, m\u00ealant technologie, culture et nature, et attirant naturellement un flux constant de fans.<\/p>\n<p>04. Vue panoramique, retour \u00e0 la nature<br \/>\nDot\u00e9e de baies vitr\u00e9es panoramiques \u00e0 270\u00b0 du sol au plafond, offrant isolation et conservation de la chaleur pour une exp\u00e9rience confortable en pleine nature, vous permettant de dormir au milieu du paysage et de profiter de la pure beaut\u00e9 de la nature.<\/p>","protected":false},"featured_media":281,"template":"","meta":[],"product_brand":[],"product_cat":[20,31],"product_tag":[],"class_list":{"0":"post-279","1":"product","2":"type-product","3":"status-publish","4":"has-post-thumbnail","6":"product_cat-apple-house","7":"product_cat-p7","9":"first","10":"instock","11":"shipping-taxable","12":"product-type-external"},"yoast_head":"<!-- This site is optimized with the Yoast SEO plugin v26.6 - https:\/\/yoast.com\/wordpress\/plugins\/seo\/ -->\n<title>Apple Cabin - P7 - SHM<\/title>\n<meta name=\"robots\" content=\"index, follow, max-snippet:-1, max-image-preview:large, max-video-preview:-1\" \/>\n<link rel=\"canonical\" href=\"https:\/\/shmodular.com\/fr\/produit\/apple-cabin-p7\/\" \/>\n<meta property=\"og:locale\" content=\"fr_FR\" \/>\n<meta property=\"og:type\" content=\"article\" \/>\n<meta property=\"og:title\" content=\"Apple Cabin - P7 - SHM\" \/>\n<meta property=\"og:description\" content=\"01. Suitable for All Terrains, Eco-Friendly Development No need for a foundation; adaptable to various terrains such as mountains, dense forests, and tidal flats. No damage to vegetation or generation of construction waste, ensuring eco-friendly development.  02. Prefabricated Homes, Quick Setup 30 days of production in the factory, and fully integrated houses are ready to use within 2 hours of installation, with no need for on-site construction or renovation.  03. Instagram-Worthy, Eye-Catching Design Attracts attention as a must-see spot for social media influencers, blending technology, culture, and nature, naturally drawing in fan traffic  04. Panoramic View, Return to Nature Featuring 270\u00b0 floor-to-ceiling panoramic windows, offering insulation and heat preservation for a cozy experience in nature, allowing you to sleep amidst the scenery and enjoy the pure beauty of nature.\" \/>\n<meta property=\"og:url\" content=\"https:\/\/shmodular.com\/fr\/produit\/apple-cabin-p7\/\" \/>\n<meta property=\"og:site_name\" content=\"SHM\" \/>\n<meta property=\"article:modified_time\" content=\"2026-03-03T09:22:37+00:00\" \/>\n<meta property=\"og:image\" content=\"https:\/\/shmodular.com\/wp-content\/uploads\/2026\/03\/2-3-02.webp\" \/>\n\t<meta property=\"og:image:width\" content=\"1200\" \/>\n\t<meta property=\"og:image:height\" content=\"756\" \/>\n\t<meta property=\"og:image:type\" content=\"image\/webp\" \/>\n<meta name=\"twitter:card\" content=\"summary_large_image\" \/>\n<meta name=\"twitter:label1\" content=\"Dur\u00e9e de lecture estim\u00e9e\" \/>\n\t<meta name=\"twitter:data1\" content=\"2 minutes\" \/>\n<script type=\"application\/ld+json\" class=\"yoast-schema-graph\">{\"@context\":\"https:\/\/schema.org\",\"@graph\":[{\"@type\":\"WebPage\",\"@id\":\"https:\/\/shmodular.com\/product\/apple-cabin-p7\/\",\"url\":\"https:\/\/shmodular.com\/product\/apple-cabin-p7\/\",\"name\":\"Apple Cabin - P7 - SHM\",\"isPartOf\":{\"@id\":\"https:\/\/shmodular.com\/#website\"},\"primaryImageOfPage\":{\"@id\":\"https:\/\/shmodular.com\/product\/apple-cabin-p7\/#primaryimage\"},\"image\":{\"@id\":\"https:\/\/shmodular.com\/product\/apple-cabin-p7\/#primaryimage\"},\"thumbnailUrl\":\"https:\/\/shmodular.com\/wp-content\/uploads\/2026\/03\/2-3-02.webp\",\"datePublished\":\"2026-03-03T09:11:10+00:00\",\"dateModified\":\"2026-03-03T09:22:37+00:00\",\"breadcrumb\":{\"@id\":\"https:\/\/shmodular.com\/product\/apple-cabin-p7\/#breadcrumb\"},\"inLanguage\":\"fr-FR\",\"potentialAction\":[{\"@type\":\"ReadAction\",\"target\":[\"https:\/\/shmodular.com\/product\/apple-cabin-p7\/\"]}]},{\"@type\":\"ImageObject\",\"inLanguage\":\"fr-FR\",\"@id\":\"https:\/\/shmodular.com\/product\/apple-cabin-p7\/#primaryimage\",\"url\":\"https:\/\/shmodular.com\/wp-content\/uploads\/2026\/03\/2-3-02.webp\",\"contentUrl\":\"https:\/\/shmodular.com\/wp-content\/uploads\/2026\/03\/2-3-02.webp\",\"width\":1200,\"height\":756},{\"@type\":\"BreadcrumbList\",\"@id\":\"https:\/\/shmodular.com\/product\/apple-cabin-p7\/#breadcrumb\",\"itemListElement\":[{\"@type\":\"ListItem\",\"position\":1,\"name\":\"Home\",\"item\":\"https:\/\/shmodular.com\/\"},{\"@type\":\"ListItem\",\"position\":2,\"name\":\"Product\",\"item\":\"https:\/\/shmodular.com\/product\/\"},{\"@type\":\"ListItem\",\"position\":3,\"name\":\"Apple Cabin &#8211; P7\"}]},{\"@type\":\"WebSite\",\"@id\":\"https:\/\/shmodular.com\/#website\",\"url\":\"https:\/\/shmodular.com\/\",\"name\":\"SHM\",\"description\":\"SHM\",\"potentialAction\":[{\"@type\":\"SearchAction\",\"target\":{\"@type\":\"EntryPoint\",\"urlTemplate\":\"https:\/\/shmodular.com\/?s={search_term_string}\"},\"query-input\":{\"@type\":\"PropertyValueSpecification\",\"valueRequired\":true,\"valueName\":\"search_term_string\"}}],\"inLanguage\":\"fr-FR\"}]}<\/script>\n<!-- \/ Yoast SEO plugin. -->","yoast_head_json":{"title":"Apple Cabin - P7 - SHM","robots":{"index":"index","follow":"follow","max-snippet":"max-snippet:-1","max-image-preview":"max-image-preview:large","max-video-preview":"max-video-preview:-1"},"canonical":"https:\/\/shmodular.com\/fr\/produit\/apple-cabin-p7\/","og_locale":"fr_FR","og_type":"article","og_title":"Apple Cabin - P7 - SHM","og_description":"01. Suitable for All Terrains, Eco-Friendly Development No need for a foundation; adaptable to various terrains such as mountains, dense forests, and tidal flats. No damage to vegetation or generation of construction waste, ensuring eco-friendly development.  02. Prefabricated Homes, Quick Setup 30 days of production in the factory, and fully integrated houses are ready to use within 2 hours of installation, with no need for on-site construction or renovation.  03. Instagram-Worthy, Eye-Catching Design Attracts attention as a must-see spot for social media influencers, blending technology, culture, and nature, naturally drawing in fan traffic  04. Panoramic View, Return to Nature Featuring 270\u00b0 floor-to-ceiling panoramic windows, offering insulation and heat preservation for a cozy experience in nature, allowing you to sleep amidst the scenery and enjoy the pure beauty of nature.","og_url":"https:\/\/shmodular.com\/fr\/produit\/apple-cabin-p7\/","og_site_name":"SHM","article_modified_time":"2026-03-03T09:22:37+00:00","og_image":[{"width":1200,"height":756,"url":"https:\/\/shmodular.com\/wp-content\/uploads\/2026\/03\/2-3-02.webp","type":"image\/webp"}],"twitter_card":"summary_large_image","twitter_misc":{"Dur\u00e9e de lecture estim\u00e9e":"2 minutes"},"schema":{"@context":"https:\/\/schema.org","@graph":[{"@type":"WebPage","@id":"https:\/\/shmodular.com\/product\/apple-cabin-p7\/","url":"https:\/\/shmodular.com\/product\/apple-cabin-p7\/","name":"Apple Cabin - P7 - SHM","isPartOf":{"@id":"https:\/\/shmodular.com\/#website"},"primaryImageOfPage":{"@id":"https:\/\/shmodular.com\/product\/apple-cabin-p7\/#primaryimage"},"image":{"@id":"https:\/\/shmodular.com\/product\/apple-cabin-p7\/#primaryimage"},"thumbnailUrl":"https:\/\/shmodular.com\/wp-content\/uploads\/2026\/03\/2-3-02.webp","datePublished":"2026-03-03T09:11:10+00:00","dateModified":"2026-03-03T09:22:37+00:00","breadcrumb":{"@id":"https:\/\/shmodular.com\/product\/apple-cabin-p7\/#breadcrumb"},"inLanguage":"fr-FR","potentialAction":[{"@type":"ReadAction","target":["https:\/\/shmodular.com\/product\/apple-cabin-p7\/"]}]},{"@type":"ImageObject","inLanguage":"fr-FR","@id":"https:\/\/shmodular.com\/product\/apple-cabin-p7\/#primaryimage","url":"https:\/\/shmodular.com\/wp-content\/uploads\/2026\/03\/2-3-02.webp","contentUrl":"https:\/\/shmodular.com\/wp-content\/uploads\/2026\/03\/2-3-02.webp","width":1200,"height":756},{"@type":"BreadcrumbList","@id":"https:\/\/shmodular.com\/product\/apple-cabin-p7\/#breadcrumb","itemListElement":[{"@type":"ListItem","position":1,"name":"Home","item":"https:\/\/shmodular.com\/"},{"@type":"ListItem","position":2,"name":"Product","item":"https:\/\/shmodular.com\/product\/"},{"@type":"ListItem","position":3,"name":"Apple Cabin &#8211; P7"}]},{"@type":"WebSite","@id":"https:\/\/shmodular.com\/#website","url":"https:\/\/shmodular.com\/","name":"SHM","description":"SHM","potentialAction":[{"@type":"SearchAction","target":{"@type":"EntryPoint","urlTemplate":"https:\/\/shmodular.com\/?s={search_term_string}"},"query-input":{"@type":"PropertyValueSpecification","valueRequired":true,"valueName":"search_term_string"}}],"inLanguage":"fr-FR"}]}},"_links":{"self":[{"href":"https:\/\/shmodular.com\/fr\/wp-json\/wp\/v2\/product\/279","targetHints":{"allow":["GET"]}}],"collection":[{"href":"https:\/\/shmodular.com\/fr\/wp-json\/wp\/v2\/product"}],"about":[{"href":"https:\/\/shmodular.com\/fr\/wp-json\/wp\/v2\/types\/product"}],"wp:featuredmedia":[{"embeddable":true,"href":"https:\/\/shmodular.com\/fr\/wp-json\/wp\/v2\/media\/281"}],"wp:attachment":[{"href":"https:\/\/shmodular.com\/fr\/wp-json\/wp\/v2\/media?parent=279"}],"wp:term":[{"taxonomy":"product_brand","embeddable":true,"href":"https:\/\/shmodular.com\/fr\/wp-json\/wp\/v2\/product_brand?post=279"},{"taxonomy":"product_cat","embeddable":true,"href":"https:\/\/shmodular.com\/fr\/wp-json\/wp\/v2\/product_cat?post=279"},{"taxonomy":"product_tag","embeddable":true,"href":"https:\/\/shmodular.com\/fr\/wp-json\/wp\/v2\/product_tag?post=279"}],"curies":[{"name":"wp","href":"https:\/\/api.w.org\/{rel}","templated":true}]}}