{"id":250,"date":"2026-03-03T08:59:19","date_gmt":"2026-03-03T08:59:19","guid":{"rendered":"https:\/\/shmodular.com\/?post_type=product&#038;p=250"},"modified":"2026-03-03T09:04:49","modified_gmt":"2026-03-03T09:04:49","slug":"apple-cabin-p3","status":"publish","type":"product","link":"https:\/\/shmodular.com\/fr\/produit\/apple-cabin-p3\/","title":{"rendered":"Cabane Apple \u2013 P3"},"content":{"rendered":"<p><img loading=\"lazy\" decoding=\"async\" class=\"aligncenter size-full wp-image-259\" src=\"https:\/\/shmodular.com\/wp-content\/uploads\/2026\/03\/2-1-1.\u5c3a\u5bf8.webp\" alt=\"\" width=\"800\" height=\"160\" srcset=\"https:\/\/shmodular.com\/wp-content\/uploads\/2026\/03\/2-1-1.\u5c3a\u5bf8.webp 800w, https:\/\/shmodular.com\/wp-content\/uploads\/2026\/03\/2-1-1.\u5c3a\u5bf8-500x100.webp 500w, https:\/\/shmodular.com\/wp-content\/uploads\/2026\/03\/2-1-1.\u5c3a\u5bf8-300x60.webp 300w, https:\/\/shmodular.com\/wp-content\/uploads\/2026\/03\/2-1-1.\u5c3a\u5bf8-768x154.webp 768w, https:\/\/shmodular.com\/wp-content\/uploads\/2026\/03\/2-1-1.\u5c3a\u5bf8-18x4.webp 18w, https:\/\/shmodular.com\/wp-content\/uploads\/2026\/03\/2-1-1.\u5c3a\u5bf8-150x30.webp 150w, https:\/\/shmodular.com\/wp-content\/uploads\/2026\/03\/2-1-1.\u5c3a\u5bf8-484x97.webp 484w\" sizes=\"auto, (max-width:767px) 484px, (max-width:800px) 100vw, 800px\" \/> <img loading=\"lazy\" decoding=\"async\" class=\"aligncenter size-full wp-image-254\" src=\"https:\/\/shmodular.com\/wp-content\/uploads\/2026\/03\/2-1-2.webp\" alt=\"\" width=\"711\" height=\"354\" srcset=\"https:\/\/shmodular.com\/wp-content\/uploads\/2026\/03\/2-1-2.webp 711w, https:\/\/shmodular.com\/wp-content\/uploads\/2026\/03\/2-1-2-500x249.webp 500w, https:\/\/shmodular.com\/wp-content\/uploads\/2026\/03\/2-1-2-300x149.webp 300w, https:\/\/shmodular.com\/wp-content\/uploads\/2026\/03\/2-1-2-18x9.webp 18w, https:\/\/shmodular.com\/wp-content\/uploads\/2026\/03\/2-1-2-150x75.webp 150w, https:\/\/shmodular.com\/wp-content\/uploads\/2026\/03\/2-1-2-484x241.webp 484w\" sizes=\"auto, (max-width:767px) 484px, 711px\" \/> <img loading=\"lazy\" decoding=\"async\" class=\"aligncenter size-full wp-image-258\" src=\"https:\/\/shmodular.com\/wp-content\/uploads\/2026\/03\/2-1-3.webp\" alt=\"\" width=\"800\" height=\"605\" srcset=\"https:\/\/shmodular.com\/wp-content\/uploads\/2026\/03\/2-1-3.webp 800w, https:\/\/shmodular.com\/wp-content\/uploads\/2026\/03\/2-1-3-500x378.webp 500w, https:\/\/shmodular.com\/wp-content\/uploads\/2026\/03\/2-1-3-300x227.webp 300w, https:\/\/shmodular.com\/wp-content\/uploads\/2026\/03\/2-1-3-768x581.webp 768w, https:\/\/shmodular.com\/wp-content\/uploads\/2026\/03\/2-1-3-16x12.webp 16w, https:\/\/shmodular.com\/wp-content\/uploads\/2026\/03\/2-1-3-99x75.webp 99w, https:\/\/shmodular.com\/wp-content\/uploads\/2026\/03\/2-1-3-484x366.webp 484w\" sizes=\"auto, (max-width:767px) 484px, (max-width:800px) 100vw, 800px\" \/> <img loading=\"lazy\" decoding=\"async\" class=\"aligncenter size-full wp-image-257\" src=\"https:\/\/shmodular.com\/wp-content\/uploads\/2026\/03\/2-1-4.webp\" alt=\"\" width=\"800\" height=\"1271\" srcset=\"https:\/\/shmodular.com\/wp-content\/uploads\/2026\/03\/2-1-4.webp 800w, https:\/\/shmodular.com\/wp-content\/uploads\/2026\/03\/2-1-4-315x500.webp 315w, https:\/\/shmodular.com\/wp-content\/uploads\/2026\/03\/2-1-4-755x1200.webp 755w, https:\/\/shmodular.com\/wp-content\/uploads\/2026\/03\/2-1-4-189x300.webp 189w, https:\/\/shmodular.com\/wp-content\/uploads\/2026\/03\/2-1-4-768x1220.webp 768w, https:\/\/shmodular.com\/wp-content\/uploads\/2026\/03\/2-1-4-8x12.webp 8w, https:\/\/shmodular.com\/wp-content\/uploads\/2026\/03\/2-1-4-47x75.webp 47w, https:\/\/shmodular.com\/wp-content\/uploads\/2026\/03\/2-1-4-484x769.webp 484w\" sizes=\"auto, (max-width:767px) 484px, (max-width:800px) 100vw, 800px\" \/> <img loading=\"lazy\" decoding=\"async\" class=\"aligncenter size-full wp-image-260\" src=\"https:\/\/shmodular.com\/wp-content\/uploads\/2026\/03\/2-1-5_\u526f\u672c.webp\" alt=\"\" width=\"800\" height=\"1644\" srcset=\"https:\/\/shmodular.com\/wp-content\/uploads\/2026\/03\/2-1-5_\u526f\u672c.webp 800w, https:\/\/shmodular.com\/wp-content\/uploads\/2026\/03\/2-1-5_\u526f\u672c-243x500.webp 243w, https:\/\/shmodular.com\/wp-content\/uploads\/2026\/03\/2-1-5_\u526f\u672c-584x1200.webp 584w, https:\/\/shmodular.com\/wp-content\/uploads\/2026\/03\/2-1-5_\u526f\u672c-146x300.webp 146w, https:\/\/shmodular.com\/wp-content\/uploads\/2026\/03\/2-1-5_\u526f\u672c-768x1578.webp 768w, https:\/\/shmodular.com\/wp-content\/uploads\/2026\/03\/2-1-5_\u526f\u672c-747x1536.webp 747w, https:\/\/shmodular.com\/wp-content\/uploads\/2026\/03\/2-1-5_\u526f\u672c-6x12.webp 6w, https:\/\/shmodular.com\/wp-content\/uploads\/2026\/03\/2-1-5_\u526f\u672c-36x75.webp 36w, https:\/\/shmodular.com\/wp-content\/uploads\/2026\/03\/2-1-5_\u526f\u672c-471x968.webp 471w\" sizes=\"auto, (max-width:767px) 484px, (max-width:800px) 100vw, 800px\" \/> <img loading=\"lazy\" decoding=\"async\" class=\"aligncenter size-full wp-image-261\" src=\"https:\/\/shmodular.com\/wp-content\/uploads\/2026\/03\/2-1-6_\u526f\u672c.webp\" alt=\"\" width=\"800\" height=\"2256\" srcset=\"https:\/\/shmodular.com\/wp-content\/uploads\/2026\/03\/2-1-6_\u526f\u672c.webp 800w, https:\/\/shmodular.com\/wp-content\/uploads\/2026\/03\/2-1-6_\u526f\u672c-177x500.webp 177w, https:\/\/shmodular.com\/wp-content\/uploads\/2026\/03\/2-1-6_\u526f\u672c-426x1200.webp 426w, https:\/\/shmodular.com\/wp-content\/uploads\/2026\/03\/2-1-6_\u526f\u672c-106x300.webp 106w, https:\/\/shmodular.com\/wp-content\/uploads\/2026\/03\/2-1-6_\u526f\u672c-768x2166.webp 768w, https:\/\/shmodular.com\/wp-content\/uploads\/2026\/03\/2-1-6_\u526f\u672c-545x1536.webp 545w, https:\/\/shmodular.com\/wp-content\/uploads\/2026\/03\/2-1-6_\u526f\u672c-726x2048.webp 726w, https:\/\/shmodular.com\/wp-content\/uploads\/2026\/03\/2-1-6_\u526f\u672c-4x12.webp 4w, https:\/\/shmodular.com\/wp-content\/uploads\/2026\/03\/2-1-6_\u526f\u672c-27x75.webp 27w, https:\/\/shmodular.com\/wp-content\/uploads\/2026\/03\/2-1-6_\u526f\u672c-343x968.webp 343w\" sizes=\"auto, (max-width:767px) 484px, (max-width:800px) 100vw, 800px\" \/> <img loading=\"lazy\" decoding=\"async\" class=\"aligncenter size-full wp-image-256\" src=\"https:\/\/shmodular.com\/wp-content\/uploads\/2026\/03\/2-1-7.webp\" alt=\"\" width=\"800\" height=\"1931\" srcset=\"https:\/\/shmodular.com\/wp-content\/uploads\/2026\/03\/2-1-7.webp 800w, https:\/\/shmodular.com\/wp-content\/uploads\/2026\/03\/2-1-7-207x500.webp 207w, https:\/\/shmodular.com\/wp-content\/uploads\/2026\/03\/2-1-7-497x1200.webp 497w, https:\/\/shmodular.com\/wp-content\/uploads\/2026\/03\/2-1-7-124x300.webp 124w, https:\/\/shmodular.com\/wp-content\/uploads\/2026\/03\/2-1-7-768x1854.webp 768w, https:\/\/shmodular.com\/wp-content\/uploads\/2026\/03\/2-1-7-636x1536.webp 636w, https:\/\/shmodular.com\/wp-content\/uploads\/2026\/03\/2-1-7-5x12.webp 5w, https:\/\/shmodular.com\/wp-content\/uploads\/2026\/03\/2-1-7-31x75.webp 31w, https:\/\/shmodular.com\/wp-content\/uploads\/2026\/03\/2-1-7-401x968.webp 401w\" sizes=\"auto, (max-width:767px) 484px, (max-width:800px) 100vw, 800px\" \/> <img loading=\"lazy\" decoding=\"async\" class=\"aligncenter size-full wp-image-262\" src=\"https:\/\/shmodular.com\/wp-content\/uploads\/2026\/03\/2-1-8_\u526f\u672c.webp\" alt=\"\" width=\"800\" height=\"1874\" srcset=\"https:\/\/shmodular.com\/wp-content\/uploads\/2026\/03\/2-1-8_\u526f\u672c.webp 800w, https:\/\/shmodular.com\/wp-content\/uploads\/2026\/03\/2-1-8_\u526f\u672c-213x500.webp 213w, https:\/\/shmodular.com\/wp-content\/uploads\/2026\/03\/2-1-8_\u526f\u672c-512x1200.webp 512w, https:\/\/shmodular.com\/wp-content\/uploads\/2026\/03\/2-1-8_\u526f\u672c-128x300.webp 128w, https:\/\/shmodular.com\/wp-content\/uploads\/2026\/03\/2-1-8_\u526f\u672c-768x1799.webp 768w, https:\/\/shmodular.com\/wp-content\/uploads\/2026\/03\/2-1-8_\u526f\u672c-656x1536.webp 656w, https:\/\/shmodular.com\/wp-content\/uploads\/2026\/03\/2-1-8_\u526f\u672c-5x12.webp 5w, https:\/\/shmodular.com\/wp-content\/uploads\/2026\/03\/2-1-8_\u526f\u672c-32x75.webp 32w, https:\/\/shmodular.com\/wp-content\/uploads\/2026\/03\/2-1-8_\u526f\u672c-413x968.webp 413w\" sizes=\"auto, (max-width:767px) 484px, (max-width:800px) 100vw, 800px\" \/> <img loading=\"lazy\" decoding=\"async\" class=\"aligncenter size-full wp-image-255\" src=\"https:\/\/shmodular.com\/wp-content\/uploads\/2026\/03\/2-1-9-scaled.webp\" alt=\"\" width=\"773\" height=\"2560\" srcset=\"https:\/\/shmodular.com\/wp-content\/uploads\/2026\/03\/2-1-9-scaled.webp 773w, https:\/\/shmodular.com\/wp-content\/uploads\/2026\/03\/2-1-9-151x500.webp 151w, https:\/\/shmodular.com\/wp-content\/uploads\/2026\/03\/2-1-9-362x1200.webp 362w, https:\/\/shmodular.com\/wp-content\/uploads\/2026\/03\/2-1-9-91x300.webp 91w, https:\/\/shmodular.com\/wp-content\/uploads\/2026\/03\/2-1-9-768x2544.webp 768w, https:\/\/shmodular.com\/wp-content\/uploads\/2026\/03\/2-1-9-464x1536.webp 464w, https:\/\/shmodular.com\/wp-content\/uploads\/2026\/03\/2-1-9-618x2048.webp 618w, https:\/\/shmodular.com\/wp-content\/uploads\/2026\/03\/2-1-9-4x12.webp 4w, https:\/\/shmodular.com\/wp-content\/uploads\/2026\/03\/2-1-9-23x75.webp 23w, https:\/\/shmodular.com\/wp-content\/uploads\/2026\/03\/2-1-9-292x968.webp 292w\" sizes=\"auto, (max-width:767px) 484px, (max-width:773px) 100vw, 773px\" \/><\/p>","protected":false},"excerpt":{"rendered":"<p>01. Adapt\u00e9 \u00e0 tous les terrains, d\u00e9veloppement respectueux de l&#039;environnement<br \/>\nPas besoin de fondations\u00a0; adaptable \u00e0 divers terrains tels que les montagnes, les for\u00eats denses et les vasi\u00e8res. Aucun dommage \u00e0 la v\u00e9g\u00e9tation ni production de d\u00e9chets de construction, garantissant un d\u00e9veloppement respectueux de l\u2019environnement.<\/p>\n<p>02. Maisons pr\u00e9fabriqu\u00e9es, installation rapide<br \/>\n30 jours de production en usine, et des maisons enti\u00e8rement int\u00e9gr\u00e9es pr\u00eates \u00e0 l&#039;emploi dans les 2 heures suivant l&#039;installation, sans besoin de travaux de construction ou de r\u00e9novation sur site.<\/p>\n<p>03. Un design digne d&#039;Instagram et qui attire l&#039;attention<br \/>\nCe lieu attire l&#039;attention des influenceurs des m\u00e9dias sociaux, m\u00ealant technologie, culture et nature, et attirant naturellement un flux constant de fans.<\/p>\n<p>04. Vue panoramique, retour \u00e0 la nature<br \/>\nDot\u00e9e de baies vitr\u00e9es panoramiques \u00e0 270\u00b0 du sol au plafond, offrant isolation et conservation de la chaleur pour une exp\u00e9rience confortable en pleine nature, vous permettant de dormir au milieu du paysage et de profiter de la pure beaut\u00e9 de la nature.<\/p>","protected":false},"featured_media":252,"template":"","meta":[],"product_brand":[],"product_cat":[20,29],"product_tag":[],"class_list":{"0":"post-250","1":"product","2":"type-product","3":"status-publish","4":"has-post-thumbnail","6":"product_cat-apple-house","7":"product_cat-p3","9":"first","10":"instock","11":"shipping-taxable","12":"product-type-external"},"yoast_head":"<!-- This site is optimized with the Yoast SEO plugin v26.6 - https:\/\/yoast.com\/wordpress\/plugins\/seo\/ -->\n<title>Apple Cabin - P3 - SHM<\/title>\n<meta name=\"robots\" content=\"index, follow, max-snippet:-1, max-image-preview:large, max-video-preview:-1\" \/>\n<link rel=\"canonical\" href=\"https:\/\/shmodular.com\/fr\/produit\/apple-cabin-p3\/\" \/>\n<meta property=\"og:locale\" content=\"fr_FR\" \/>\n<meta property=\"og:type\" content=\"article\" \/>\n<meta property=\"og:title\" content=\"Apple Cabin - P3 - SHM\" \/>\n<meta property=\"og:description\" content=\"01. Suitable for All Terrains, Eco-Friendly Development No need for a foundation; adaptable to various terrains such as mountains, dense forests, and tidal flats. No damage to vegetation or generation of construction waste, ensuring eco-friendly development.  02. Prefabricated Homes, Quick Setup 30 days of production in the factory, and fully integrated houses are ready to use within 2 hours of installation, with no need for on-site construction or renovation.  03. Instagram-Worthy, Eye-Catching Design Attracts attention as a must-see spot for social media influencers, blending technology, culture, and nature, naturally drawing in fan traffic  04. Panoramic View, Return to Nature Featuring 270\u00b0 floor-to-ceiling panoramic windows, offering insulation and heat preservation for a cozy experience in nature, allowing you to sleep amidst the scenery and enjoy the pure beauty of nature.\" \/>\n<meta property=\"og:url\" content=\"https:\/\/shmodular.com\/fr\/produit\/apple-cabin-p3\/\" \/>\n<meta property=\"og:site_name\" content=\"SHM\" \/>\n<meta property=\"article:modified_time\" content=\"2026-03-03T09:04:49+00:00\" \/>\n<meta property=\"og:image\" content=\"https:\/\/shmodular.com\/wp-content\/uploads\/2026\/03\/2-1-02.webp\" \/>\n\t<meta property=\"og:image:width\" content=\"1200\" \/>\n\t<meta property=\"og:image:height\" content=\"756\" \/>\n\t<meta property=\"og:image:type\" content=\"image\/webp\" \/>\n<meta name=\"twitter:card\" content=\"summary_large_image\" \/>\n<meta name=\"twitter:label1\" content=\"Dur\u00e9e de lecture estim\u00e9e\" \/>\n\t<meta name=\"twitter:data1\" content=\"2 minutes\" \/>\n<script type=\"application\/ld+json\" class=\"yoast-schema-graph\">{\"@context\":\"https:\/\/schema.org\",\"@graph\":[{\"@type\":\"WebPage\",\"@id\":\"https:\/\/shmodular.com\/product\/apple-cabin-p3\/\",\"url\":\"https:\/\/shmodular.com\/product\/apple-cabin-p3\/\",\"name\":\"Apple Cabin - P3 - SHM\",\"isPartOf\":{\"@id\":\"https:\/\/shmodular.com\/#website\"},\"primaryImageOfPage\":{\"@id\":\"https:\/\/shmodular.com\/product\/apple-cabin-p3\/#primaryimage\"},\"image\":{\"@id\":\"https:\/\/shmodular.com\/product\/apple-cabin-p3\/#primaryimage\"},\"thumbnailUrl\":\"https:\/\/shmodular.com\/wp-content\/uploads\/2026\/03\/2-1-02.webp\",\"datePublished\":\"2026-03-03T08:59:19+00:00\",\"dateModified\":\"2026-03-03T09:04:49+00:00\",\"breadcrumb\":{\"@id\":\"https:\/\/shmodular.com\/product\/apple-cabin-p3\/#breadcrumb\"},\"inLanguage\":\"fr-FR\",\"potentialAction\":[{\"@type\":\"ReadAction\",\"target\":[\"https:\/\/shmodular.com\/product\/apple-cabin-p3\/\"]}]},{\"@type\":\"ImageObject\",\"inLanguage\":\"fr-FR\",\"@id\":\"https:\/\/shmodular.com\/product\/apple-cabin-p3\/#primaryimage\",\"url\":\"https:\/\/shmodular.com\/wp-content\/uploads\/2026\/03\/2-1-02.webp\",\"contentUrl\":\"https:\/\/shmodular.com\/wp-content\/uploads\/2026\/03\/2-1-02.webp\",\"width\":1200,\"height\":756},{\"@type\":\"BreadcrumbList\",\"@id\":\"https:\/\/shmodular.com\/product\/apple-cabin-p3\/#breadcrumb\",\"itemListElement\":[{\"@type\":\"ListItem\",\"position\":1,\"name\":\"Home\",\"item\":\"https:\/\/shmodular.com\/\"},{\"@type\":\"ListItem\",\"position\":2,\"name\":\"Product\",\"item\":\"https:\/\/shmodular.com\/product\/\"},{\"@type\":\"ListItem\",\"position\":3,\"name\":\"Apple Cabin &#8211; P3\"}]},{\"@type\":\"WebSite\",\"@id\":\"https:\/\/shmodular.com\/#website\",\"url\":\"https:\/\/shmodular.com\/\",\"name\":\"SHM\",\"description\":\"SHM\",\"potentialAction\":[{\"@type\":\"SearchAction\",\"target\":{\"@type\":\"EntryPoint\",\"urlTemplate\":\"https:\/\/shmodular.com\/?s={search_term_string}\"},\"query-input\":{\"@type\":\"PropertyValueSpecification\",\"valueRequired\":true,\"valueName\":\"search_term_string\"}}],\"inLanguage\":\"fr-FR\"}]}<\/script>\n<!-- \/ Yoast SEO plugin. -->","yoast_head_json":{"title":"Apple Cabin - P3 - SHM","robots":{"index":"index","follow":"follow","max-snippet":"max-snippet:-1","max-image-preview":"max-image-preview:large","max-video-preview":"max-video-preview:-1"},"canonical":"https:\/\/shmodular.com\/fr\/produit\/apple-cabin-p3\/","og_locale":"fr_FR","og_type":"article","og_title":"Apple Cabin - P3 - SHM","og_description":"01. Suitable for All Terrains, Eco-Friendly Development No need for a foundation; adaptable to various terrains such as mountains, dense forests, and tidal flats. No damage to vegetation or generation of construction waste, ensuring eco-friendly development.  02. Prefabricated Homes, Quick Setup 30 days of production in the factory, and fully integrated houses are ready to use within 2 hours of installation, with no need for on-site construction or renovation.  03. Instagram-Worthy, Eye-Catching Design Attracts attention as a must-see spot for social media influencers, blending technology, culture, and nature, naturally drawing in fan traffic  04. Panoramic View, Return to Nature Featuring 270\u00b0 floor-to-ceiling panoramic windows, offering insulation and heat preservation for a cozy experience in nature, allowing you to sleep amidst the scenery and enjoy the pure beauty of nature.","og_url":"https:\/\/shmodular.com\/fr\/produit\/apple-cabin-p3\/","og_site_name":"SHM","article_modified_time":"2026-03-03T09:04:49+00:00","og_image":[{"width":1200,"height":756,"url":"https:\/\/shmodular.com\/wp-content\/uploads\/2026\/03\/2-1-02.webp","type":"image\/webp"}],"twitter_card":"summary_large_image","twitter_misc":{"Dur\u00e9e de lecture estim\u00e9e":"2 minutes"},"schema":{"@context":"https:\/\/schema.org","@graph":[{"@type":"WebPage","@id":"https:\/\/shmodular.com\/product\/apple-cabin-p3\/","url":"https:\/\/shmodular.com\/product\/apple-cabin-p3\/","name":"Apple Cabin - P3 - SHM","isPartOf":{"@id":"https:\/\/shmodular.com\/#website"},"primaryImageOfPage":{"@id":"https:\/\/shmodular.com\/product\/apple-cabin-p3\/#primaryimage"},"image":{"@id":"https:\/\/shmodular.com\/product\/apple-cabin-p3\/#primaryimage"},"thumbnailUrl":"https:\/\/shmodular.com\/wp-content\/uploads\/2026\/03\/2-1-02.webp","datePublished":"2026-03-03T08:59:19+00:00","dateModified":"2026-03-03T09:04:49+00:00","breadcrumb":{"@id":"https:\/\/shmodular.com\/product\/apple-cabin-p3\/#breadcrumb"},"inLanguage":"fr-FR","potentialAction":[{"@type":"ReadAction","target":["https:\/\/shmodular.com\/product\/apple-cabin-p3\/"]}]},{"@type":"ImageObject","inLanguage":"fr-FR","@id":"https:\/\/shmodular.com\/product\/apple-cabin-p3\/#primaryimage","url":"https:\/\/shmodular.com\/wp-content\/uploads\/2026\/03\/2-1-02.webp","contentUrl":"https:\/\/shmodular.com\/wp-content\/uploads\/2026\/03\/2-1-02.webp","width":1200,"height":756},{"@type":"BreadcrumbList","@id":"https:\/\/shmodular.com\/product\/apple-cabin-p3\/#breadcrumb","itemListElement":[{"@type":"ListItem","position":1,"name":"Home","item":"https:\/\/shmodular.com\/"},{"@type":"ListItem","position":2,"name":"Product","item":"https:\/\/shmodular.com\/product\/"},{"@type":"ListItem","position":3,"name":"Apple Cabin &#8211; P3"}]},{"@type":"WebSite","@id":"https:\/\/shmodular.com\/#website","url":"https:\/\/shmodular.com\/","name":"SHM","description":"SHM","potentialAction":[{"@type":"SearchAction","target":{"@type":"EntryPoint","urlTemplate":"https:\/\/shmodular.com\/?s={search_term_string}"},"query-input":{"@type":"PropertyValueSpecification","valueRequired":true,"valueName":"search_term_string"}}],"inLanguage":"fr-FR"}]}},"_links":{"self":[{"href":"https:\/\/shmodular.com\/fr\/wp-json\/wp\/v2\/product\/250","targetHints":{"allow":["GET"]}}],"collection":[{"href":"https:\/\/shmodular.com\/fr\/wp-json\/wp\/v2\/product"}],"about":[{"href":"https:\/\/shmodular.com\/fr\/wp-json\/wp\/v2\/types\/product"}],"wp:featuredmedia":[{"embeddable":true,"href":"https:\/\/shmodular.com\/fr\/wp-json\/wp\/v2\/media\/252"}],"wp:attachment":[{"href":"https:\/\/shmodular.com\/fr\/wp-json\/wp\/v2\/media?parent=250"}],"wp:term":[{"taxonomy":"product_brand","embeddable":true,"href":"https:\/\/shmodular.com\/fr\/wp-json\/wp\/v2\/product_brand?post=250"},{"taxonomy":"product_cat","embeddable":true,"href":"https:\/\/shmodular.com\/fr\/wp-json\/wp\/v2\/product_cat?post=250"},{"taxonomy":"product_tag","embeddable":true,"href":"https:\/\/shmodular.com\/fr\/wp-json\/wp\/v2\/product_tag?post=250"}],"curies":[{"name":"wp","href":"https:\/\/api.w.org\/{rel}","templated":true}]}}