{"id":231,"date":"2026-03-03T08:51:20","date_gmt":"2026-03-03T08:51:20","guid":{"rendered":"https:\/\/shmodular.com\/?post_type=product&#038;p=231"},"modified":"2026-03-03T08:58:59","modified_gmt":"2026-03-03T08:58:59","slug":"capsule-house-x7","status":"publish","type":"product","link":"https:\/\/shmodular.com\/fr\/produit\/capsule-house-x7\/","title":{"rendered":"Maison capsule \u2013 X7"},"content":{"rendered":"<p><img loading=\"lazy\" decoding=\"async\" class=\"aligncenter size-full wp-image-247\" src=\"https:\/\/shmodular.com\/wp-content\/uploads\/2026\/03\/1-4-1.\u5c3a\u5bf8.webp\" alt=\"\" width=\"800\" height=\"211\" srcset=\"https:\/\/shmodular.com\/wp-content\/uploads\/2026\/03\/1-4-1.\u5c3a\u5bf8.webp 800w, https:\/\/shmodular.com\/wp-content\/uploads\/2026\/03\/1-4-1.\u5c3a\u5bf8-500x132.webp 500w, https:\/\/shmodular.com\/wp-content\/uploads\/2026\/03\/1-4-1.\u5c3a\u5bf8-300x79.webp 300w, https:\/\/shmodular.com\/wp-content\/uploads\/2026\/03\/1-4-1.\u5c3a\u5bf8-768x203.webp 768w, https:\/\/shmodular.com\/wp-content\/uploads\/2026\/03\/1-4-1.\u5c3a\u5bf8-18x5.webp 18w, https:\/\/shmodular.com\/wp-content\/uploads\/2026\/03\/1-4-1.\u5c3a\u5bf8-150x40.webp 150w, https:\/\/shmodular.com\/wp-content\/uploads\/2026\/03\/1-4-1.\u5c3a\u5bf8-484x128.webp 484w\" sizes=\"auto, (max-width:767px) 484px, (max-width:800px) 100vw, 800px\" \/> <img loading=\"lazy\" decoding=\"async\" class=\"aligncenter size-full wp-image-240\" src=\"https:\/\/shmodular.com\/wp-content\/uploads\/2026\/03\/1-4-2.webp\" alt=\"\" width=\"750\" height=\"223\" srcset=\"https:\/\/shmodular.com\/wp-content\/uploads\/2026\/03\/1-4-2.webp 750w, https:\/\/shmodular.com\/wp-content\/uploads\/2026\/03\/1-4-2-500x149.webp 500w, https:\/\/shmodular.com\/wp-content\/uploads\/2026\/03\/1-4-2-300x89.webp 300w, https:\/\/shmodular.com\/wp-content\/uploads\/2026\/03\/1-4-2-18x5.webp 18w, https:\/\/shmodular.com\/wp-content\/uploads\/2026\/03\/1-4-2-150x45.webp 150w, https:\/\/shmodular.com\/wp-content\/uploads\/2026\/03\/1-4-2-484x144.webp 484w\" sizes=\"auto, (max-width:767px) 484px, 750px\" \/> <img loading=\"lazy\" decoding=\"async\" class=\"aligncenter size-full wp-image-241\" src=\"https:\/\/shmodular.com\/wp-content\/uploads\/2026\/03\/1-4-3.webp\" alt=\"\" width=\"755\" height=\"225\" srcset=\"https:\/\/shmodular.com\/wp-content\/uploads\/2026\/03\/1-4-3.webp 755w, https:\/\/shmodular.com\/wp-content\/uploads\/2026\/03\/1-4-3-500x149.webp 500w, https:\/\/shmodular.com\/wp-content\/uploads\/2026\/03\/1-4-3-300x89.webp 300w, https:\/\/shmodular.com\/wp-content\/uploads\/2026\/03\/1-4-3-18x5.webp 18w, https:\/\/shmodular.com\/wp-content\/uploads\/2026\/03\/1-4-3-150x45.webp 150w, https:\/\/shmodular.com\/wp-content\/uploads\/2026\/03\/1-4-3-484x144.webp 484w\" sizes=\"auto, (max-width:767px) 484px, 755px\" \/> <img loading=\"lazy\" decoding=\"async\" class=\"aligncenter size-full wp-image-246\" src=\"https:\/\/shmodular.com\/wp-content\/uploads\/2026\/03\/1-4-4.webp\" alt=\"\" width=\"800\" height=\"270\" srcset=\"https:\/\/shmodular.com\/wp-content\/uploads\/2026\/03\/1-4-4.webp 800w, https:\/\/shmodular.com\/wp-content\/uploads\/2026\/03\/1-4-4-500x169.webp 500w, https:\/\/shmodular.com\/wp-content\/uploads\/2026\/03\/1-4-4-300x101.webp 300w, https:\/\/shmodular.com\/wp-content\/uploads\/2026\/03\/1-4-4-768x259.webp 768w, https:\/\/shmodular.com\/wp-content\/uploads\/2026\/03\/1-4-4-18x6.webp 18w, https:\/\/shmodular.com\/wp-content\/uploads\/2026\/03\/1-4-4-150x51.webp 150w, https:\/\/shmodular.com\/wp-content\/uploads\/2026\/03\/1-4-4-484x163.webp 484w\" sizes=\"auto, (max-width:767px) 484px, (max-width:800px) 100vw, 800px\" \/> <img loading=\"lazy\" decoding=\"async\" class=\"aligncenter size-full wp-image-245\" src=\"https:\/\/shmodular.com\/wp-content\/uploads\/2026\/03\/1-4-5.webp\" alt=\"\" width=\"800\" height=\"322\" srcset=\"https:\/\/shmodular.com\/wp-content\/uploads\/2026\/03\/1-4-5.webp 800w, https:\/\/shmodular.com\/wp-content\/uploads\/2026\/03\/1-4-5-500x201.webp 500w, https:\/\/shmodular.com\/wp-content\/uploads\/2026\/03\/1-4-5-300x121.webp 300w, https:\/\/shmodular.com\/wp-content\/uploads\/2026\/03\/1-4-5-768x309.webp 768w, https:\/\/shmodular.com\/wp-content\/uploads\/2026\/03\/1-4-5-18x7.webp 18w, https:\/\/shmodular.com\/wp-content\/uploads\/2026\/03\/1-4-5-150x60.webp 150w, https:\/\/shmodular.com\/wp-content\/uploads\/2026\/03\/1-4-5-484x195.webp 484w\" sizes=\"auto, (max-width:767px) 484px, (max-width:800px) 100vw, 800px\" \/> <img loading=\"lazy\" decoding=\"async\" class=\"aligncenter size-full wp-image-248\" src=\"https:\/\/shmodular.com\/wp-content\/uploads\/2026\/03\/1-4-6.webp\" alt=\"\" width=\"800\" height=\"2083\" srcset=\"https:\/\/shmodular.com\/wp-content\/uploads\/2026\/03\/1-4-6.webp 800w, https:\/\/shmodular.com\/wp-content\/uploads\/2026\/03\/1-4-6-192x500.webp 192w, https:\/\/shmodular.com\/wp-content\/uploads\/2026\/03\/1-4-6-461x1200.webp 461w, https:\/\/shmodular.com\/wp-content\/uploads\/2026\/03\/1-4-6-115x300.webp 115w, https:\/\/shmodular.com\/wp-content\/uploads\/2026\/03\/1-4-6-768x2000.webp 768w, https:\/\/shmodular.com\/wp-content\/uploads\/2026\/03\/1-4-6-590x1536.webp 590w, https:\/\/shmodular.com\/wp-content\/uploads\/2026\/03\/1-4-6-787x2048.webp 787w, https:\/\/shmodular.com\/wp-content\/uploads\/2026\/03\/1-4-6-5x12.webp 5w, https:\/\/shmodular.com\/wp-content\/uploads\/2026\/03\/1-4-6-29x75.webp 29w, https:\/\/shmodular.com\/wp-content\/uploads\/2026\/03\/1-4-6-372x968.webp 372w\" sizes=\"auto, (max-width:767px) 484px, (max-width:800px) 100vw, 800px\" \/> <img loading=\"lazy\" decoding=\"async\" class=\"aligncenter size-full wp-image-249\" src=\"https:\/\/shmodular.com\/wp-content\/uploads\/2026\/03\/1-4-7-scaled.webp\" alt=\"\" width=\"740\" height=\"2560\" srcset=\"https:\/\/shmodular.com\/wp-content\/uploads\/2026\/03\/1-4-7-scaled.webp 740w, https:\/\/shmodular.com\/wp-content\/uploads\/2026\/03\/1-4-7-347x1200.webp 347w, https:\/\/shmodular.com\/wp-content\/uploads\/2026\/03\/1-4-7-87x300.webp 87w, https:\/\/shmodular.com\/wp-content\/uploads\/2026\/03\/1-4-7-768x2658.webp 768w, https:\/\/shmodular.com\/wp-content\/uploads\/2026\/03\/1-4-7-444x1536.webp 444w, https:\/\/shmodular.com\/wp-content\/uploads\/2026\/03\/1-4-7-592x2048.webp 592w, https:\/\/shmodular.com\/wp-content\/uploads\/2026\/03\/1-4-7-22x75.webp 22w, https:\/\/shmodular.com\/wp-content\/uploads\/2026\/03\/1-4-7-280x968.webp 280w\" sizes=\"auto, (max-width:767px) 484px, 740px\" \/> <img loading=\"lazy\" decoding=\"async\" class=\"aligncenter size-full wp-image-244\" src=\"https:\/\/shmodular.com\/wp-content\/uploads\/2026\/03\/1-4-8.webp\" alt=\"\" width=\"800\" height=\"2028\" srcset=\"https:\/\/shmodular.com\/wp-content\/uploads\/2026\/03\/1-4-8.webp 800w, https:\/\/shmodular.com\/wp-content\/uploads\/2026\/03\/1-4-8-197x500.webp 197w, https:\/\/shmodular.com\/wp-content\/uploads\/2026\/03\/1-4-8-473x1200.webp 473w, https:\/\/shmodular.com\/wp-content\/uploads\/2026\/03\/1-4-8-118x300.webp 118w, https:\/\/shmodular.com\/wp-content\/uploads\/2026\/03\/1-4-8-768x1947.webp 768w, https:\/\/shmodular.com\/wp-content\/uploads\/2026\/03\/1-4-8-606x1536.webp 606w, https:\/\/shmodular.com\/wp-content\/uploads\/2026\/03\/1-4-8-5x12.webp 5w, https:\/\/shmodular.com\/wp-content\/uploads\/2026\/03\/1-4-8-30x75.webp 30w, https:\/\/shmodular.com\/wp-content\/uploads\/2026\/03\/1-4-8-382x968.webp 382w\" sizes=\"auto, (max-width:767px) 484px, (max-width:800px) 100vw, 800px\" \/> <img loading=\"lazy\" decoding=\"async\" class=\"aligncenter size-full wp-image-243\" src=\"https:\/\/shmodular.com\/wp-content\/uploads\/2026\/03\/1-4-9.webp\" alt=\"\" width=\"800\" height=\"2083\" srcset=\"https:\/\/shmodular.com\/wp-content\/uploads\/2026\/03\/1-4-9.webp 800w, https:\/\/shmodular.com\/wp-content\/uploads\/2026\/03\/1-4-9-192x500.webp 192w, https:\/\/shmodular.com\/wp-content\/uploads\/2026\/03\/1-4-9-461x1200.webp 461w, https:\/\/shmodular.com\/wp-content\/uploads\/2026\/03\/1-4-9-115x300.webp 115w, https:\/\/shmodular.com\/wp-content\/uploads\/2026\/03\/1-4-9-768x2000.webp 768w, https:\/\/shmodular.com\/wp-content\/uploads\/2026\/03\/1-4-9-590x1536.webp 590w, https:\/\/shmodular.com\/wp-content\/uploads\/2026\/03\/1-4-9-787x2048.webp 787w, https:\/\/shmodular.com\/wp-content\/uploads\/2026\/03\/1-4-9-5x12.webp 5w, https:\/\/shmodular.com\/wp-content\/uploads\/2026\/03\/1-4-9-29x75.webp 29w, https:\/\/shmodular.com\/wp-content\/uploads\/2026\/03\/1-4-9-372x968.webp 372w\" sizes=\"auto, (max-width:767px) 484px, (max-width:800px) 100vw, 800px\" \/> <img loading=\"lazy\" decoding=\"async\" class=\"aligncenter size-full wp-image-242\" src=\"https:\/\/shmodular.com\/wp-content\/uploads\/2026\/03\/1-4-10.webp\" alt=\"\" width=\"800\" height=\"2030\" srcset=\"https:\/\/shmodular.com\/wp-content\/uploads\/2026\/03\/1-4-10.webp 800w, https:\/\/shmodular.com\/wp-content\/uploads\/2026\/03\/1-4-10-197x500.webp 197w, https:\/\/shmodular.com\/wp-content\/uploads\/2026\/03\/1-4-10-473x1200.webp 473w, https:\/\/shmodular.com\/wp-content\/uploads\/2026\/03\/1-4-10-118x300.webp 118w, https:\/\/shmodular.com\/wp-content\/uploads\/2026\/03\/1-4-10-768x1949.webp 768w, https:\/\/shmodular.com\/wp-content\/uploads\/2026\/03\/1-4-10-605x1536.webp 605w, https:\/\/shmodular.com\/wp-content\/uploads\/2026\/03\/1-4-10-5x12.webp 5w, https:\/\/shmodular.com\/wp-content\/uploads\/2026\/03\/1-4-10-30x75.webp 30w, https:\/\/shmodular.com\/wp-content\/uploads\/2026\/03\/1-4-10-381x968.webp 381w\" sizes=\"auto, (max-width:767px) 484px, (max-width:800px) 100vw, 800px\" \/><\/p>","protected":false},"excerpt":{"rendered":"<p>01. Adapt\u00e9 \u00e0 tous les terrains, d\u00e9veloppement respectueux de l&#039;environnement<br \/>\nPas besoin de fondations\u00a0; adaptable \u00e0 divers terrains tels que les montagnes, les for\u00eats denses et les vasi\u00e8res. Aucun dommage \u00e0 la v\u00e9g\u00e9tation ni production de d\u00e9chets de construction, garantissant un d\u00e9veloppement respectueux de l\u2019environnement.<\/p>\n<p>02. Maisons pr\u00e9fabriqu\u00e9es, installation rapide<br \/>\n30 jours de production en usine, et des maisons enti\u00e8rement int\u00e9gr\u00e9es pr\u00eates \u00e0 l&#039;emploi dans les 2 heures suivant l&#039;installation, sans besoin de travaux de construction ou de r\u00e9novation sur site.<\/p>\n<p>03. Un design digne d&#039;Instagram et qui attire l&#039;attention<br \/>\nCe lieu attire l&#039;attention des influenceurs des m\u00e9dias sociaux, m\u00ealant technologie, culture et nature, et attirant naturellement un flux constant de fans.<\/p>\n<p>04. Vue panoramique, retour \u00e0 la nature<br \/>\nDot\u00e9e de baies vitr\u00e9es panoramiques \u00e0 270\u00b0 du sol au plafond, offrant isolation et conservation de la chaleur pour une exp\u00e9rience confortable en pleine nature, vous permettant de dormir au milieu du paysage et de profiter de la pure beaut\u00e9 de la nature.<\/p>","protected":false},"featured_media":232,"template":"","meta":[],"product_brand":[],"product_cat":[24,35],"product_tag":[],"class_list":{"0":"post-231","1":"product","2":"type-product","3":"status-publish","4":"has-post-thumbnail","6":"product_cat-capsule-house","7":"product_cat-x7","9":"first","10":"instock","11":"shipping-taxable","12":"product-type-external"},"yoast_head":"<!-- This site is optimized with the Yoast SEO plugin v26.6 - https:\/\/yoast.com\/wordpress\/plugins\/seo\/ -->\n<title>Capsule House - X7 - SHM<\/title>\n<meta name=\"robots\" content=\"index, follow, max-snippet:-1, max-image-preview:large, max-video-preview:-1\" \/>\n<link rel=\"canonical\" href=\"https:\/\/shmodular.com\/fr\/produit\/capsule-house-x7\/\" \/>\n<meta property=\"og:locale\" content=\"fr_FR\" \/>\n<meta property=\"og:type\" content=\"article\" \/>\n<meta property=\"og:title\" content=\"Capsule House - X7 - SHM\" \/>\n<meta property=\"og:description\" content=\"01. Suitable for All Terrains, Eco-Friendly Development No need for a foundation; adaptable to various terrains such as mountains, dense forests, and tidal flats. No damage to vegetation or generation of construction waste, ensuring eco-friendly development.  02. Prefabricated Homes, Quick Setup 30 days of production in the factory, and fully integrated houses are ready to use within 2 hours of installation, with no need for on-site construction or renovation.  03. Instagram-Worthy, Eye-Catching Design Attracts attention as a must-see spot for social media influencers, blending technology, culture, and nature, naturally drawing in fan traffic  04. Panoramic View, Return to Nature Featuring 270\u00b0 floor-to-ceiling panoramic windows, offering insulation and heat preservation for a cozy experience in nature, allowing you to sleep amidst the scenery and enjoy the pure beauty of nature.\" \/>\n<meta property=\"og:url\" content=\"https:\/\/shmodular.com\/fr\/produit\/capsule-house-x7\/\" \/>\n<meta property=\"og:site_name\" content=\"SHM\" \/>\n<meta property=\"article:modified_time\" content=\"2026-03-03T08:58:59+00:00\" \/>\n<meta property=\"og:image\" content=\"https:\/\/shmodular.com\/wp-content\/uploads\/2026\/03\/1-4-00.webp\" \/>\n\t<meta property=\"og:image:width\" content=\"1200\" \/>\n\t<meta property=\"og:image:height\" content=\"756\" \/>\n\t<meta property=\"og:image:type\" content=\"image\/webp\" \/>\n<meta name=\"twitter:card\" content=\"summary_large_image\" \/>\n<meta name=\"twitter:label1\" content=\"Dur\u00e9e de lecture estim\u00e9e\" \/>\n\t<meta name=\"twitter:data1\" content=\"3 minutes\" \/>\n<script type=\"application\/ld+json\" class=\"yoast-schema-graph\">{\"@context\":\"https:\/\/schema.org\",\"@graph\":[{\"@type\":\"WebPage\",\"@id\":\"https:\/\/shmodular.com\/product\/capsule-house-x7\/\",\"url\":\"https:\/\/shmodular.com\/product\/capsule-house-x7\/\",\"name\":\"Capsule House - X7 - SHM\",\"isPartOf\":{\"@id\":\"https:\/\/shmodular.com\/#website\"},\"primaryImageOfPage\":{\"@id\":\"https:\/\/shmodular.com\/product\/capsule-house-x7\/#primaryimage\"},\"image\":{\"@id\":\"https:\/\/shmodular.com\/product\/capsule-house-x7\/#primaryimage\"},\"thumbnailUrl\":\"https:\/\/shmodular.com\/wp-content\/uploads\/2026\/03\/1-4-00.webp\",\"datePublished\":\"2026-03-03T08:51:20+00:00\",\"dateModified\":\"2026-03-03T08:58:59+00:00\",\"breadcrumb\":{\"@id\":\"https:\/\/shmodular.com\/product\/capsule-house-x7\/#breadcrumb\"},\"inLanguage\":\"fr-FR\",\"potentialAction\":[{\"@type\":\"ReadAction\",\"target\":[\"https:\/\/shmodular.com\/product\/capsule-house-x7\/\"]}]},{\"@type\":\"ImageObject\",\"inLanguage\":\"fr-FR\",\"@id\":\"https:\/\/shmodular.com\/product\/capsule-house-x7\/#primaryimage\",\"url\":\"https:\/\/shmodular.com\/wp-content\/uploads\/2026\/03\/1-4-00.webp\",\"contentUrl\":\"https:\/\/shmodular.com\/wp-content\/uploads\/2026\/03\/1-4-00.webp\",\"width\":1200,\"height\":756},{\"@type\":\"BreadcrumbList\",\"@id\":\"https:\/\/shmodular.com\/product\/capsule-house-x7\/#breadcrumb\",\"itemListElement\":[{\"@type\":\"ListItem\",\"position\":1,\"name\":\"Home\",\"item\":\"https:\/\/shmodular.com\/\"},{\"@type\":\"ListItem\",\"position\":2,\"name\":\"Product\",\"item\":\"https:\/\/shmodular.com\/product\/\"},{\"@type\":\"ListItem\",\"position\":3,\"name\":\"Capsule House &#8211; X7\"}]},{\"@type\":\"WebSite\",\"@id\":\"https:\/\/shmodular.com\/#website\",\"url\":\"https:\/\/shmodular.com\/\",\"name\":\"SHM\",\"description\":\"SHM\",\"potentialAction\":[{\"@type\":\"SearchAction\",\"target\":{\"@type\":\"EntryPoint\",\"urlTemplate\":\"https:\/\/shmodular.com\/?s={search_term_string}\"},\"query-input\":{\"@type\":\"PropertyValueSpecification\",\"valueRequired\":true,\"valueName\":\"search_term_string\"}}],\"inLanguage\":\"fr-FR\"}]}<\/script>\n<!-- \/ Yoast SEO plugin. -->","yoast_head_json":{"title":"Capsule House - X7 - SHM","robots":{"index":"index","follow":"follow","max-snippet":"max-snippet:-1","max-image-preview":"max-image-preview:large","max-video-preview":"max-video-preview:-1"},"canonical":"https:\/\/shmodular.com\/fr\/produit\/capsule-house-x7\/","og_locale":"fr_FR","og_type":"article","og_title":"Capsule House - X7 - SHM","og_description":"01. Suitable for All Terrains, Eco-Friendly Development No need for a foundation; adaptable to various terrains such as mountains, dense forests, and tidal flats. No damage to vegetation or generation of construction waste, ensuring eco-friendly development.  02. Prefabricated Homes, Quick Setup 30 days of production in the factory, and fully integrated houses are ready to use within 2 hours of installation, with no need for on-site construction or renovation.  03. Instagram-Worthy, Eye-Catching Design Attracts attention as a must-see spot for social media influencers, blending technology, culture, and nature, naturally drawing in fan traffic  04. Panoramic View, Return to Nature Featuring 270\u00b0 floor-to-ceiling panoramic windows, offering insulation and heat preservation for a cozy experience in nature, allowing you to sleep amidst the scenery and enjoy the pure beauty of nature.","og_url":"https:\/\/shmodular.com\/fr\/produit\/capsule-house-x7\/","og_site_name":"SHM","article_modified_time":"2026-03-03T08:58:59+00:00","og_image":[{"width":1200,"height":756,"url":"https:\/\/shmodular.com\/wp-content\/uploads\/2026\/03\/1-4-00.webp","type":"image\/webp"}],"twitter_card":"summary_large_image","twitter_misc":{"Dur\u00e9e de lecture estim\u00e9e":"3 minutes"},"schema":{"@context":"https:\/\/schema.org","@graph":[{"@type":"WebPage","@id":"https:\/\/shmodular.com\/product\/capsule-house-x7\/","url":"https:\/\/shmodular.com\/product\/capsule-house-x7\/","name":"Capsule House - X7 - SHM","isPartOf":{"@id":"https:\/\/shmodular.com\/#website"},"primaryImageOfPage":{"@id":"https:\/\/shmodular.com\/product\/capsule-house-x7\/#primaryimage"},"image":{"@id":"https:\/\/shmodular.com\/product\/capsule-house-x7\/#primaryimage"},"thumbnailUrl":"https:\/\/shmodular.com\/wp-content\/uploads\/2026\/03\/1-4-00.webp","datePublished":"2026-03-03T08:51:20+00:00","dateModified":"2026-03-03T08:58:59+00:00","breadcrumb":{"@id":"https:\/\/shmodular.com\/product\/capsule-house-x7\/#breadcrumb"},"inLanguage":"fr-FR","potentialAction":[{"@type":"ReadAction","target":["https:\/\/shmodular.com\/product\/capsule-house-x7\/"]}]},{"@type":"ImageObject","inLanguage":"fr-FR","@id":"https:\/\/shmodular.com\/product\/capsule-house-x7\/#primaryimage","url":"https:\/\/shmodular.com\/wp-content\/uploads\/2026\/03\/1-4-00.webp","contentUrl":"https:\/\/shmodular.com\/wp-content\/uploads\/2026\/03\/1-4-00.webp","width":1200,"height":756},{"@type":"BreadcrumbList","@id":"https:\/\/shmodular.com\/product\/capsule-house-x7\/#breadcrumb","itemListElement":[{"@type":"ListItem","position":1,"name":"Home","item":"https:\/\/shmodular.com\/"},{"@type":"ListItem","position":2,"name":"Product","item":"https:\/\/shmodular.com\/product\/"},{"@type":"ListItem","position":3,"name":"Capsule House &#8211; X7"}]},{"@type":"WebSite","@id":"https:\/\/shmodular.com\/#website","url":"https:\/\/shmodular.com\/","name":"SHM","description":"SHM","potentialAction":[{"@type":"SearchAction","target":{"@type":"EntryPoint","urlTemplate":"https:\/\/shmodular.com\/?s={search_term_string}"},"query-input":{"@type":"PropertyValueSpecification","valueRequired":true,"valueName":"search_term_string"}}],"inLanguage":"fr-FR"}]}},"_links":{"self":[{"href":"https:\/\/shmodular.com\/fr\/wp-json\/wp\/v2\/product\/231","targetHints":{"allow":["GET"]}}],"collection":[{"href":"https:\/\/shmodular.com\/fr\/wp-json\/wp\/v2\/product"}],"about":[{"href":"https:\/\/shmodular.com\/fr\/wp-json\/wp\/v2\/types\/product"}],"wp:featuredmedia":[{"embeddable":true,"href":"https:\/\/shmodular.com\/fr\/wp-json\/wp\/v2\/media\/232"}],"wp:attachment":[{"href":"https:\/\/shmodular.com\/fr\/wp-json\/wp\/v2\/media?parent=231"}],"wp:term":[{"taxonomy":"product_brand","embeddable":true,"href":"https:\/\/shmodular.com\/fr\/wp-json\/wp\/v2\/product_brand?post=231"},{"taxonomy":"product_cat","embeddable":true,"href":"https:\/\/shmodular.com\/fr\/wp-json\/wp\/v2\/product_cat?post=231"},{"taxonomy":"product_tag","embeddable":true,"href":"https:\/\/shmodular.com\/fr\/wp-json\/wp\/v2\/product_tag?post=231"}],"curies":[{"name":"wp","href":"https:\/\/api.w.org\/{rel}","templated":true}]}}