{"id":201,"date":"2026-03-03T08:23:06","date_gmt":"2026-03-03T08:23:06","guid":{"rendered":"https:\/\/shmodular.com\/?post_type=product&#038;p=201"},"modified":"2026-03-03T08:42:29","modified_gmt":"2026-03-03T08:42:29","slug":"capsule-house-x5","status":"publish","type":"product","link":"https:\/\/shmodular.com\/fr\/produit\/capsule-house-x5\/","title":{"rendered":"Maison capsule \u2013 X5"},"content":{"rendered":"<p><img loading=\"lazy\" decoding=\"async\" class=\"aligncenter size-full wp-image-216\" src=\"https:\/\/shmodular.com\/wp-content\/uploads\/2026\/03\/01-2-1.\u5c3a\u5bf8.webp\" alt=\"\" width=\"800\" height=\"190\" srcset=\"https:\/\/shmodular.com\/wp-content\/uploads\/2026\/03\/01-2-1.\u5c3a\u5bf8.webp 800w, https:\/\/shmodular.com\/wp-content\/uploads\/2026\/03\/01-2-1.\u5c3a\u5bf8-500x119.webp 500w, https:\/\/shmodular.com\/wp-content\/uploads\/2026\/03\/01-2-1.\u5c3a\u5bf8-300x71.webp 300w, https:\/\/shmodular.com\/wp-content\/uploads\/2026\/03\/01-2-1.\u5c3a\u5bf8-768x182.webp 768w, https:\/\/shmodular.com\/wp-content\/uploads\/2026\/03\/01-2-1.\u5c3a\u5bf8-18x4.webp 18w, https:\/\/shmodular.com\/wp-content\/uploads\/2026\/03\/01-2-1.\u5c3a\u5bf8-150x36.webp 150w, https:\/\/shmodular.com\/wp-content\/uploads\/2026\/03\/01-2-1.\u5c3a\u5bf8-484x115.webp 484w\" sizes=\"auto, (max-width:767px) 484px, (max-width:800px) 100vw, 800px\" \/> <img loading=\"lazy\" decoding=\"async\" class=\"aligncenter size-full wp-image-215\" src=\"https:\/\/shmodular.com\/wp-content\/uploads\/2026\/03\/01-2-2.webp\" alt=\"\" width=\"800\" height=\"717\" srcset=\"https:\/\/shmodular.com\/wp-content\/uploads\/2026\/03\/01-2-2.webp 800w, https:\/\/shmodular.com\/wp-content\/uploads\/2026\/03\/01-2-2-500x448.webp 500w, https:\/\/shmodular.com\/wp-content\/uploads\/2026\/03\/01-2-2-300x269.webp 300w, https:\/\/shmodular.com\/wp-content\/uploads\/2026\/03\/01-2-2-768x688.webp 768w, https:\/\/shmodular.com\/wp-content\/uploads\/2026\/03\/01-2-2-13x12.webp 13w, https:\/\/shmodular.com\/wp-content\/uploads\/2026\/03\/01-2-2-84x75.webp 84w, https:\/\/shmodular.com\/wp-content\/uploads\/2026\/03\/01-2-2-484x434.webp 484w\" sizes=\"auto, (max-width:767px) 484px, (max-width:800px) 100vw, 800px\" \/> <img loading=\"lazy\" decoding=\"async\" class=\"aligncenter size-full wp-image-214\" src=\"https:\/\/shmodular.com\/wp-content\/uploads\/2026\/03\/01-2-3.webp\" alt=\"\" width=\"800\" height=\"810\" srcset=\"https:\/\/shmodular.com\/wp-content\/uploads\/2026\/03\/01-2-3.webp 800w, https:\/\/shmodular.com\/wp-content\/uploads\/2026\/03\/01-2-3-494x500.webp 494w, https:\/\/shmodular.com\/wp-content\/uploads\/2026\/03\/01-2-3-296x300.webp 296w, https:\/\/shmodular.com\/wp-content\/uploads\/2026\/03\/01-2-3-768x778.webp 768w, https:\/\/shmodular.com\/wp-content\/uploads\/2026\/03\/01-2-3-12x12.webp 12w, https:\/\/shmodular.com\/wp-content\/uploads\/2026\/03\/01-2-3-74x75.webp 74w, https:\/\/shmodular.com\/wp-content\/uploads\/2026\/03\/01-2-3-484x490.webp 484w\" sizes=\"auto, (max-width:767px) 484px, (max-width:800px) 100vw, 800px\" \/> <img loading=\"lazy\" decoding=\"async\" class=\"aligncenter size-full wp-image-210\" src=\"https:\/\/shmodular.com\/wp-content\/uploads\/2026\/03\/01-2-4.webp\" alt=\"\" width=\"800\" height=\"1743\" srcset=\"https:\/\/shmodular.com\/wp-content\/uploads\/2026\/03\/01-2-4.webp 800w, https:\/\/shmodular.com\/wp-content\/uploads\/2026\/03\/01-2-4-229x500.webp 229w, https:\/\/shmodular.com\/wp-content\/uploads\/2026\/03\/01-2-4-551x1200.webp 551w, https:\/\/shmodular.com\/wp-content\/uploads\/2026\/03\/01-2-4-138x300.webp 138w, https:\/\/shmodular.com\/wp-content\/uploads\/2026\/03\/01-2-4-768x1673.webp 768w, https:\/\/shmodular.com\/wp-content\/uploads\/2026\/03\/01-2-4-705x1536.webp 705w, https:\/\/shmodular.com\/wp-content\/uploads\/2026\/03\/01-2-4-6x12.webp 6w, https:\/\/shmodular.com\/wp-content\/uploads\/2026\/03\/01-2-4-34x75.webp 34w, https:\/\/shmodular.com\/wp-content\/uploads\/2026\/03\/01-2-4-444x968.webp 444w\" sizes=\"auto, (max-width:767px) 484px, (max-width:800px) 100vw, 800px\" \/> <img loading=\"lazy\" decoding=\"async\" class=\"aligncenter size-full wp-image-217\" src=\"https:\/\/shmodular.com\/wp-content\/uploads\/2026\/03\/01-2-5.webp\" alt=\"\" width=\"800\" height=\"2087\" srcset=\"https:\/\/shmodular.com\/wp-content\/uploads\/2026\/03\/01-2-5.webp 800w, https:\/\/shmodular.com\/wp-content\/uploads\/2026\/03\/01-2-5-192x500.webp 192w, https:\/\/shmodular.com\/wp-content\/uploads\/2026\/03\/01-2-5-460x1200.webp 460w, https:\/\/shmodular.com\/wp-content\/uploads\/2026\/03\/01-2-5-115x300.webp 115w, https:\/\/shmodular.com\/wp-content\/uploads\/2026\/03\/01-2-5-768x2004.webp 768w, https:\/\/shmodular.com\/wp-content\/uploads\/2026\/03\/01-2-5-589x1536.webp 589w, https:\/\/shmodular.com\/wp-content\/uploads\/2026\/03\/01-2-5-785x2048.webp 785w, https:\/\/shmodular.com\/wp-content\/uploads\/2026\/03\/01-2-5-5x12.webp 5w, https:\/\/shmodular.com\/wp-content\/uploads\/2026\/03\/01-2-5-29x75.webp 29w, https:\/\/shmodular.com\/wp-content\/uploads\/2026\/03\/01-2-5-371x968.webp 371w\" sizes=\"auto, (max-width:767px) 484px, (max-width:800px) 100vw, 800px\" \/> <img loading=\"lazy\" decoding=\"async\" class=\"aligncenter size-full wp-image-213\" src=\"https:\/\/shmodular.com\/wp-content\/uploads\/2026\/03\/01-2-6.webp\" alt=\"\" width=\"800\" height=\"1815\" srcset=\"https:\/\/shmodular.com\/wp-content\/uploads\/2026\/03\/01-2-6.webp 800w, https:\/\/shmodular.com\/wp-content\/uploads\/2026\/03\/01-2-6-220x500.webp 220w, https:\/\/shmodular.com\/wp-content\/uploads\/2026\/03\/01-2-6-529x1200.webp 529w, https:\/\/shmodular.com\/wp-content\/uploads\/2026\/03\/01-2-6-132x300.webp 132w, https:\/\/shmodular.com\/wp-content\/uploads\/2026\/03\/01-2-6-768x1742.webp 768w, https:\/\/shmodular.com\/wp-content\/uploads\/2026\/03\/01-2-6-677x1536.webp 677w, https:\/\/shmodular.com\/wp-content\/uploads\/2026\/03\/01-2-6-5x12.webp 5w, https:\/\/shmodular.com\/wp-content\/uploads\/2026\/03\/01-2-6-33x75.webp 33w, https:\/\/shmodular.com\/wp-content\/uploads\/2026\/03\/01-2-6-427x968.webp 427w\" sizes=\"auto, (max-width:767px) 484px, (max-width:800px) 100vw, 800px\" \/> <img loading=\"lazy\" decoding=\"async\" class=\"aligncenter size-full wp-image-212\" src=\"https:\/\/shmodular.com\/wp-content\/uploads\/2026\/03\/01-2-7.webp\" alt=\"\" width=\"800\" height=\"2089\" srcset=\"https:\/\/shmodular.com\/wp-content\/uploads\/2026\/03\/01-2-7.webp 800w, https:\/\/shmodular.com\/wp-content\/uploads\/2026\/03\/01-2-7-191x500.webp 191w, https:\/\/shmodular.com\/wp-content\/uploads\/2026\/03\/01-2-7-460x1200.webp 460w, https:\/\/shmodular.com\/wp-content\/uploads\/2026\/03\/01-2-7-115x300.webp 115w, https:\/\/shmodular.com\/wp-content\/uploads\/2026\/03\/01-2-7-768x2005.webp 768w, https:\/\/shmodular.com\/wp-content\/uploads\/2026\/03\/01-2-7-588x1536.webp 588w, https:\/\/shmodular.com\/wp-content\/uploads\/2026\/03\/01-2-7-784x2048.webp 784w, https:\/\/shmodular.com\/wp-content\/uploads\/2026\/03\/01-2-7-5x12.webp 5w, https:\/\/shmodular.com\/wp-content\/uploads\/2026\/03\/01-2-7-29x75.webp 29w, https:\/\/shmodular.com\/wp-content\/uploads\/2026\/03\/01-2-7-371x968.webp 371w\" sizes=\"auto, (max-width:767px) 484px, (max-width:800px) 100vw, 800px\" \/> <img loading=\"lazy\" decoding=\"async\" class=\"aligncenter size-full wp-image-211\" src=\"https:\/\/shmodular.com\/wp-content\/uploads\/2026\/03\/01-2-8.webp\" alt=\"\" width=\"800\" height=\"2120\" srcset=\"https:\/\/shmodular.com\/wp-content\/uploads\/2026\/03\/01-2-8.webp 800w, https:\/\/shmodular.com\/wp-content\/uploads\/2026\/03\/01-2-8-189x500.webp 189w, https:\/\/shmodular.com\/wp-content\/uploads\/2026\/03\/01-2-8-453x1200.webp 453w, https:\/\/shmodular.com\/wp-content\/uploads\/2026\/03\/01-2-8-113x300.webp 113w, https:\/\/shmodular.com\/wp-content\/uploads\/2026\/03\/01-2-8-768x2035.webp 768w, https:\/\/shmodular.com\/wp-content\/uploads\/2026\/03\/01-2-8-580x1536.webp 580w, https:\/\/shmodular.com\/wp-content\/uploads\/2026\/03\/01-2-8-773x2048.webp 773w, https:\/\/shmodular.com\/wp-content\/uploads\/2026\/03\/01-2-8-5x12.webp 5w, https:\/\/shmodular.com\/wp-content\/uploads\/2026\/03\/01-2-8-28x75.webp 28w, https:\/\/shmodular.com\/wp-content\/uploads\/2026\/03\/01-2-8-365x968.webp 365w\" sizes=\"auto, (max-width:767px) 484px, (max-width:800px) 100vw, 800px\" \/> <img loading=\"lazy\" decoding=\"async\" class=\"aligncenter size-full wp-image-209\" src=\"https:\/\/shmodular.com\/wp-content\/uploads\/2026\/03\/01-2-9-scaled.webp\" alt=\"\" width=\"654\" height=\"2560\" srcset=\"https:\/\/shmodular.com\/wp-content\/uploads\/2026\/03\/01-2-9-scaled.webp 654w, https:\/\/shmodular.com\/wp-content\/uploads\/2026\/03\/01-2-9-128x500.webp 128w, https:\/\/shmodular.com\/wp-content\/uploads\/2026\/03\/01-2-9-77x300.webp 77w, https:\/\/shmodular.com\/wp-content\/uploads\/2026\/03\/01-2-9-523x2048.webp 523w, https:\/\/shmodular.com\/wp-content\/uploads\/2026\/03\/01-2-9-3x12.webp 3w, https:\/\/shmodular.com\/wp-content\/uploads\/2026\/03\/01-2-9-19x75.webp 19w, https:\/\/shmodular.com\/wp-content\/uploads\/2026\/03\/01-2-9-247x968.webp 247w\" sizes=\"auto, (max-width:767px) 484px, 654px\" \/><\/p>","protected":false},"excerpt":{"rendered":"<p>01. Adapt\u00e9 \u00e0 tous les terrains, d\u00e9veloppement respectueux de l&#039;environnement<br \/>\nPas besoin de fondations\u00a0; adaptable \u00e0 divers terrains tels que les montagnes, les for\u00eats denses et les vasi\u00e8res. Aucun dommage \u00e0 la v\u00e9g\u00e9tation ni production de d\u00e9chets de construction, garantissant un d\u00e9veloppement respectueux de l\u2019environnement.<\/p>\n<p>02. Maisons pr\u00e9fabriqu\u00e9es, installation rapide<br \/>\n30 jours de production en usine, et des maisons enti\u00e8rement int\u00e9gr\u00e9es pr\u00eates \u00e0 l&#039;emploi dans les 2 heures suivant l&#039;installation, sans besoin de travaux de construction ou de r\u00e9novation sur site.<\/p>\n<p>03. Un design digne d&#039;Instagram et qui attire l&#039;attention<br \/>\nCe lieu attire l&#039;attention des influenceurs des m\u00e9dias sociaux, m\u00ealant technologie, culture et nature, et attirant naturellement un flux constant de fans.<\/p>\n<p>04. Vue panoramique, retour \u00e0 la nature<br \/>\nDot\u00e9e de baies vitr\u00e9es panoramiques \u00e0 270\u00b0 du sol au plafond, offrant isolation et conservation de la chaleur pour une exp\u00e9rience confortable en pleine nature, vous permettant de dormir au milieu du paysage et de profiter de la pure beaut\u00e9 de la nature.<\/p>","protected":false},"featured_media":206,"template":"","meta":[],"product_brand":[],"product_cat":[24,33],"product_tag":[],"class_list":{"0":"post-201","1":"product","2":"type-product","3":"status-publish","4":"has-post-thumbnail","6":"product_cat-capsule-house","7":"product_cat-x5","9":"first","10":"instock","11":"shipping-taxable","12":"product-type-external"},"yoast_head":"<!-- This site is optimized with the Yoast SEO plugin v26.6 - https:\/\/yoast.com\/wordpress\/plugins\/seo\/ -->\n<title>Capsule House - X5 - SHM<\/title>\n<meta name=\"robots\" content=\"index, follow, max-snippet:-1, max-image-preview:large, max-video-preview:-1\" \/>\n<link rel=\"canonical\" href=\"https:\/\/shmodular.com\/fr\/produit\/capsule-house-x5\/\" \/>\n<meta property=\"og:locale\" content=\"fr_FR\" \/>\n<meta property=\"og:type\" content=\"article\" \/>\n<meta property=\"og:title\" content=\"Capsule House - X5 - SHM\" \/>\n<meta property=\"og:description\" content=\"01. Suitable for All Terrains, Eco-Friendly Development No need for a foundation; adaptable to various terrains such as mountains, dense forests, and tidal flats. No damage to vegetation or generation of construction waste, ensuring eco-friendly development.  02. Prefabricated Homes, Quick Setup 30 days of production in the factory, and fully integrated houses are ready to use within 2 hours of installation, with no need for on-site construction or renovation.  03. Instagram-Worthy, Eye-Catching Design Attracts attention as a must-see spot for social media influencers, blending technology, culture, and nature, naturally drawing in fan traffic  04. Panoramic View, Return to Nature Featuring 270\u00b0 floor-to-ceiling panoramic windows, offering insulation and heat preservation for a cozy experience in nature, allowing you to sleep amidst the scenery and enjoy the pure beauty of nature.\" \/>\n<meta property=\"og:url\" content=\"https:\/\/shmodular.com\/fr\/produit\/capsule-house-x5\/\" \/>\n<meta property=\"og:site_name\" content=\"SHM\" \/>\n<meta property=\"article:modified_time\" content=\"2026-03-03T08:42:29+00:00\" \/>\n<meta property=\"og:image\" content=\"https:\/\/shmodular.com\/wp-content\/uploads\/2026\/03\/1-2-0.webp\" \/>\n\t<meta property=\"og:image:width\" content=\"1200\" \/>\n\t<meta property=\"og:image:height\" content=\"760\" \/>\n\t<meta property=\"og:image:type\" content=\"image\/webp\" \/>\n<meta name=\"twitter:card\" content=\"summary_large_image\" \/>\n<meta name=\"twitter:label1\" content=\"Dur\u00e9e de lecture estim\u00e9e\" \/>\n\t<meta name=\"twitter:data1\" content=\"2 minutes\" \/>\n<script type=\"application\/ld+json\" class=\"yoast-schema-graph\">{\"@context\":\"https:\/\/schema.org\",\"@graph\":[{\"@type\":\"WebPage\",\"@id\":\"https:\/\/shmodular.com\/product\/capsule-house-x5\/\",\"url\":\"https:\/\/shmodular.com\/product\/capsule-house-x5\/\",\"name\":\"Capsule House - X5 - SHM\",\"isPartOf\":{\"@id\":\"https:\/\/shmodular.com\/#website\"},\"primaryImageOfPage\":{\"@id\":\"https:\/\/shmodular.com\/product\/capsule-house-x5\/#primaryimage\"},\"image\":{\"@id\":\"https:\/\/shmodular.com\/product\/capsule-house-x5\/#primaryimage\"},\"thumbnailUrl\":\"https:\/\/shmodular.com\/wp-content\/uploads\/2026\/03\/1-2-0-e1772527802141.webp\",\"datePublished\":\"2026-03-03T08:23:06+00:00\",\"dateModified\":\"2026-03-03T08:42:29+00:00\",\"breadcrumb\":{\"@id\":\"https:\/\/shmodular.com\/product\/capsule-house-x5\/#breadcrumb\"},\"inLanguage\":\"fr-FR\",\"potentialAction\":[{\"@type\":\"ReadAction\",\"target\":[\"https:\/\/shmodular.com\/product\/capsule-house-x5\/\"]}]},{\"@type\":\"ImageObject\",\"inLanguage\":\"fr-FR\",\"@id\":\"https:\/\/shmodular.com\/product\/capsule-house-x5\/#primaryimage\",\"url\":\"https:\/\/shmodular.com\/wp-content\/uploads\/2026\/03\/1-2-0-e1772527802141.webp\",\"contentUrl\":\"https:\/\/shmodular.com\/wp-content\/uploads\/2026\/03\/1-2-0-e1772527802141.webp\",\"width\":1200,\"height\":756},{\"@type\":\"BreadcrumbList\",\"@id\":\"https:\/\/shmodular.com\/product\/capsule-house-x5\/#breadcrumb\",\"itemListElement\":[{\"@type\":\"ListItem\",\"position\":1,\"name\":\"Home\",\"item\":\"https:\/\/shmodular.com\/\"},{\"@type\":\"ListItem\",\"position\":2,\"name\":\"Product\",\"item\":\"https:\/\/shmodular.com\/product\/\"},{\"@type\":\"ListItem\",\"position\":3,\"name\":\"Capsule House &#8211; X5\"}]},{\"@type\":\"WebSite\",\"@id\":\"https:\/\/shmodular.com\/#website\",\"url\":\"https:\/\/shmodular.com\/\",\"name\":\"SHM\",\"description\":\"SHM\",\"potentialAction\":[{\"@type\":\"SearchAction\",\"target\":{\"@type\":\"EntryPoint\",\"urlTemplate\":\"https:\/\/shmodular.com\/?s={search_term_string}\"},\"query-input\":{\"@type\":\"PropertyValueSpecification\",\"valueRequired\":true,\"valueName\":\"search_term_string\"}}],\"inLanguage\":\"fr-FR\"}]}<\/script>\n<!-- \/ Yoast SEO plugin. -->","yoast_head_json":{"title":"Capsule House - X5 - SHM","robots":{"index":"index","follow":"follow","max-snippet":"max-snippet:-1","max-image-preview":"max-image-preview:large","max-video-preview":"max-video-preview:-1"},"canonical":"https:\/\/shmodular.com\/fr\/produit\/capsule-house-x5\/","og_locale":"fr_FR","og_type":"article","og_title":"Capsule House - X5 - SHM","og_description":"01. Suitable for All Terrains, Eco-Friendly Development No need for a foundation; adaptable to various terrains such as mountains, dense forests, and tidal flats. No damage to vegetation or generation of construction waste, ensuring eco-friendly development.  02. Prefabricated Homes, Quick Setup 30 days of production in the factory, and fully integrated houses are ready to use within 2 hours of installation, with no need for on-site construction or renovation.  03. Instagram-Worthy, Eye-Catching Design Attracts attention as a must-see spot for social media influencers, blending technology, culture, and nature, naturally drawing in fan traffic  04. Panoramic View, Return to Nature Featuring 270\u00b0 floor-to-ceiling panoramic windows, offering insulation and heat preservation for a cozy experience in nature, allowing you to sleep amidst the scenery and enjoy the pure beauty of nature.","og_url":"https:\/\/shmodular.com\/fr\/produit\/capsule-house-x5\/","og_site_name":"SHM","article_modified_time":"2026-03-03T08:42:29+00:00","og_image":[{"width":1200,"height":760,"url":"https:\/\/shmodular.com\/wp-content\/uploads\/2026\/03\/1-2-0.webp","type":"image\/webp"}],"twitter_card":"summary_large_image","twitter_misc":{"Dur\u00e9e de lecture estim\u00e9e":"2 minutes"},"schema":{"@context":"https:\/\/schema.org","@graph":[{"@type":"WebPage","@id":"https:\/\/shmodular.com\/product\/capsule-house-x5\/","url":"https:\/\/shmodular.com\/product\/capsule-house-x5\/","name":"Capsule House - X5 - SHM","isPartOf":{"@id":"https:\/\/shmodular.com\/#website"},"primaryImageOfPage":{"@id":"https:\/\/shmodular.com\/product\/capsule-house-x5\/#primaryimage"},"image":{"@id":"https:\/\/shmodular.com\/product\/capsule-house-x5\/#primaryimage"},"thumbnailUrl":"https:\/\/shmodular.com\/wp-content\/uploads\/2026\/03\/1-2-0-e1772527802141.webp","datePublished":"2026-03-03T08:23:06+00:00","dateModified":"2026-03-03T08:42:29+00:00","breadcrumb":{"@id":"https:\/\/shmodular.com\/product\/capsule-house-x5\/#breadcrumb"},"inLanguage":"fr-FR","potentialAction":[{"@type":"ReadAction","target":["https:\/\/shmodular.com\/product\/capsule-house-x5\/"]}]},{"@type":"ImageObject","inLanguage":"fr-FR","@id":"https:\/\/shmodular.com\/product\/capsule-house-x5\/#primaryimage","url":"https:\/\/shmodular.com\/wp-content\/uploads\/2026\/03\/1-2-0-e1772527802141.webp","contentUrl":"https:\/\/shmodular.com\/wp-content\/uploads\/2026\/03\/1-2-0-e1772527802141.webp","width":1200,"height":756},{"@type":"BreadcrumbList","@id":"https:\/\/shmodular.com\/product\/capsule-house-x5\/#breadcrumb","itemListElement":[{"@type":"ListItem","position":1,"name":"Home","item":"https:\/\/shmodular.com\/"},{"@type":"ListItem","position":2,"name":"Product","item":"https:\/\/shmodular.com\/product\/"},{"@type":"ListItem","position":3,"name":"Capsule House &#8211; X5"}]},{"@type":"WebSite","@id":"https:\/\/shmodular.com\/#website","url":"https:\/\/shmodular.com\/","name":"SHM","description":"SHM","potentialAction":[{"@type":"SearchAction","target":{"@type":"EntryPoint","urlTemplate":"https:\/\/shmodular.com\/?s={search_term_string}"},"query-input":{"@type":"PropertyValueSpecification","valueRequired":true,"valueName":"search_term_string"}}],"inLanguage":"fr-FR"}]}},"_links":{"self":[{"href":"https:\/\/shmodular.com\/fr\/wp-json\/wp\/v2\/product\/201","targetHints":{"allow":["GET"]}}],"collection":[{"href":"https:\/\/shmodular.com\/fr\/wp-json\/wp\/v2\/product"}],"about":[{"href":"https:\/\/shmodular.com\/fr\/wp-json\/wp\/v2\/types\/product"}],"wp:featuredmedia":[{"embeddable":true,"href":"https:\/\/shmodular.com\/fr\/wp-json\/wp\/v2\/media\/206"}],"wp:attachment":[{"href":"https:\/\/shmodular.com\/fr\/wp-json\/wp\/v2\/media?parent=201"}],"wp:term":[{"taxonomy":"product_brand","embeddable":true,"href":"https:\/\/shmodular.com\/fr\/wp-json\/wp\/v2\/product_brand?post=201"},{"taxonomy":"product_cat","embeddable":true,"href":"https:\/\/shmodular.com\/fr\/wp-json\/wp\/v2\/product_cat?post=201"},{"taxonomy":"product_tag","embeddable":true,"href":"https:\/\/shmodular.com\/fr\/wp-json\/wp\/v2\/product_tag?post=201"}],"curies":[{"name":"wp","href":"https:\/\/api.w.org\/{rel}","templated":true}]}}