{"id":186,"date":"2026-03-03T08:16:21","date_gmt":"2026-03-03T08:16:21","guid":{"rendered":"https:\/\/shmodular.com\/?post_type=product&#038;p=186"},"modified":"2026-03-03T08:22:40","modified_gmt":"2026-03-03T08:22:40","slug":"x3","status":"publish","type":"product","link":"https:\/\/shmodular.com\/fr\/produit\/x3\/","title":{"rendered":"Maison capsule \u2013 X3"},"content":{"rendered":"<p><img loading=\"lazy\" decoding=\"async\" class=\"aligncenter size-full wp-image-197\" src=\"https:\/\/shmodular.com\/wp-content\/uploads\/2026\/03\/1-1-1.\u5c3a\u5bf8.webp\" alt=\"\" width=\"800\" height=\"212\" srcset=\"https:\/\/shmodular.com\/wp-content\/uploads\/2026\/03\/1-1-1.\u5c3a\u5bf8.webp 800w, https:\/\/shmodular.com\/wp-content\/uploads\/2026\/03\/1-1-1.\u5c3a\u5bf8-500x133.webp 500w, https:\/\/shmodular.com\/wp-content\/uploads\/2026\/03\/1-1-1.\u5c3a\u5bf8-300x80.webp 300w, https:\/\/shmodular.com\/wp-content\/uploads\/2026\/03\/1-1-1.\u5c3a\u5bf8-768x204.webp 768w, https:\/\/shmodular.com\/wp-content\/uploads\/2026\/03\/1-1-1.\u5c3a\u5bf8-18x5.webp 18w, https:\/\/shmodular.com\/wp-content\/uploads\/2026\/03\/1-1-1.\u5c3a\u5bf8-150x40.webp 150w, https:\/\/shmodular.com\/wp-content\/uploads\/2026\/03\/1-1-1.\u5c3a\u5bf8-484x128.webp 484w\" sizes=\"auto, (max-width:767px) 484px, (max-width:800px) 100vw, 800px\" \/><img loading=\"lazy\" decoding=\"async\" class=\"aligncenter size-full wp-image-195\" src=\"https:\/\/shmodular.com\/wp-content\/uploads\/2026\/03\/1-1-2-1.webp\" alt=\"\" width=\"800\" height=\"542\" srcset=\"https:\/\/shmodular.com\/wp-content\/uploads\/2026\/03\/1-1-2-1.webp 800w, https:\/\/shmodular.com\/wp-content\/uploads\/2026\/03\/1-1-2-1-500x339.webp 500w, https:\/\/shmodular.com\/wp-content\/uploads\/2026\/03\/1-1-2-1-300x203.webp 300w, https:\/\/shmodular.com\/wp-content\/uploads\/2026\/03\/1-1-2-1-768x520.webp 768w, https:\/\/shmodular.com\/wp-content\/uploads\/2026\/03\/1-1-2-1-18x12.webp 18w, https:\/\/shmodular.com\/wp-content\/uploads\/2026\/03\/1-1-2-1-111x75.webp 111w, https:\/\/shmodular.com\/wp-content\/uploads\/2026\/03\/1-1-2-1-484x328.webp 484w\" sizes=\"auto, (max-width:767px) 484px, (max-width:800px) 100vw, 800px\" \/> <img loading=\"lazy\" decoding=\"async\" class=\"aligncenter size-full wp-image-196\" src=\"https:\/\/shmodular.com\/wp-content\/uploads\/2026\/03\/1-1-3.Indoor-Layout.webp\" alt=\"\" width=\"800\" height=\"508\" srcset=\"https:\/\/shmodular.com\/wp-content\/uploads\/2026\/03\/1-1-3.Indoor-Layout.webp 800w, https:\/\/shmodular.com\/wp-content\/uploads\/2026\/03\/1-1-3.Indoor-Layout-500x318.webp 500w, https:\/\/shmodular.com\/wp-content\/uploads\/2026\/03\/1-1-3.Indoor-Layout-300x191.webp 300w, https:\/\/shmodular.com\/wp-content\/uploads\/2026\/03\/1-1-3.Indoor-Layout-768x488.webp 768w, https:\/\/shmodular.com\/wp-content\/uploads\/2026\/03\/1-1-3.Indoor-Layout-18x12.webp 18w, https:\/\/shmodular.com\/wp-content\/uploads\/2026\/03\/1-1-3.Indoor-Layout-118x75.webp 118w, https:\/\/shmodular.com\/wp-content\/uploads\/2026\/03\/1-1-3.Indoor-Layout-484x307.webp 484w\" sizes=\"auto, (max-width:767px) 484px, (max-width:800px) 100vw, 800px\" \/> <img loading=\"lazy\" decoding=\"async\" class=\"aligncenter size-full wp-image-192\" src=\"https:\/\/shmodular.com\/wp-content\/uploads\/2026\/03\/1-1-4.Interior-Decor.webp\" alt=\"\" width=\"800\" height=\"990\" srcset=\"https:\/\/shmodular.com\/wp-content\/uploads\/2026\/03\/1-1-4.Interior-Decor.webp 800w, https:\/\/shmodular.com\/wp-content\/uploads\/2026\/03\/1-1-4.Interior-Decor-404x500.webp 404w, https:\/\/shmodular.com\/wp-content\/uploads\/2026\/03\/1-1-4.Interior-Decor-242x300.webp 242w, https:\/\/shmodular.com\/wp-content\/uploads\/2026\/03\/1-1-4.Interior-Decor-768x950.webp 768w, https:\/\/shmodular.com\/wp-content\/uploads\/2026\/03\/1-1-4.Interior-Decor-10x12.webp 10w, https:\/\/shmodular.com\/wp-content\/uploads\/2026\/03\/1-1-4.Interior-Decor-61x75.webp 61w, https:\/\/shmodular.com\/wp-content\/uploads\/2026\/03\/1-1-4.Interior-Decor-484x599.webp 484w\" sizes=\"auto, (max-width:767px) 484px, (max-width:800px) 100vw, 800px\" \/> <img loading=\"lazy\" decoding=\"async\" class=\"aligncenter size-full wp-image-199\" src=\"https:\/\/shmodular.com\/wp-content\/uploads\/2026\/03\/1-1-4-1.webp\" alt=\"\" width=\"800\" height=\"2065\" srcset=\"https:\/\/shmodular.com\/wp-content\/uploads\/2026\/03\/1-1-4-1.webp 800w, https:\/\/shmodular.com\/wp-content\/uploads\/2026\/03\/1-1-4-1-194x500.webp 194w, https:\/\/shmodular.com\/wp-content\/uploads\/2026\/03\/1-1-4-1-465x1200.webp 465w, https:\/\/shmodular.com\/wp-content\/uploads\/2026\/03\/1-1-4-1-116x300.webp 116w, https:\/\/shmodular.com\/wp-content\/uploads\/2026\/03\/1-1-4-1-768x1982.webp 768w, https:\/\/shmodular.com\/wp-content\/uploads\/2026\/03\/1-1-4-1-595x1536.webp 595w, https:\/\/shmodular.com\/wp-content\/uploads\/2026\/03\/1-1-4-1-793x2048.webp 793w, https:\/\/shmodular.com\/wp-content\/uploads\/2026\/03\/1-1-4-1-5x12.webp 5w, https:\/\/shmodular.com\/wp-content\/uploads\/2026\/03\/1-1-4-1-29x75.webp 29w, https:\/\/shmodular.com\/wp-content\/uploads\/2026\/03\/1-1-4-1-375x968.webp 375w\" sizes=\"auto, (max-width:767px) 484px, (max-width:800px) 100vw, 800px\" \/> <img loading=\"lazy\" decoding=\"async\" class=\"aligncenter size-full wp-image-198\" src=\"https:\/\/shmodular.com\/wp-content\/uploads\/2026\/03\/1-1-5.webp\" alt=\"\" width=\"800\" height=\"2068\" srcset=\"https:\/\/shmodular.com\/wp-content\/uploads\/2026\/03\/1-1-5.webp 800w, https:\/\/shmodular.com\/wp-content\/uploads\/2026\/03\/1-1-5-193x500.webp 193w, https:\/\/shmodular.com\/wp-content\/uploads\/2026\/03\/1-1-5-464x1200.webp 464w, https:\/\/shmodular.com\/wp-content\/uploads\/2026\/03\/1-1-5-116x300.webp 116w, https:\/\/shmodular.com\/wp-content\/uploads\/2026\/03\/1-1-5-768x1985.webp 768w, https:\/\/shmodular.com\/wp-content\/uploads\/2026\/03\/1-1-5-594x1536.webp 594w, https:\/\/shmodular.com\/wp-content\/uploads\/2026\/03\/1-1-5-792x2048.webp 792w, https:\/\/shmodular.com\/wp-content\/uploads\/2026\/03\/1-1-5-5x12.webp 5w, https:\/\/shmodular.com\/wp-content\/uploads\/2026\/03\/1-1-5-29x75.webp 29w, https:\/\/shmodular.com\/wp-content\/uploads\/2026\/03\/1-1-5-374x968.webp 374w\" sizes=\"auto, (max-width:767px) 484px, (max-width:800px) 100vw, 800px\" \/> <img loading=\"lazy\" decoding=\"async\" class=\"aligncenter size-full wp-image-194\" src=\"https:\/\/shmodular.com\/wp-content\/uploads\/2026\/03\/1-1-6.webp\" alt=\"\" width=\"800\" height=\"2147\" srcset=\"https:\/\/shmodular.com\/wp-content\/uploads\/2026\/03\/1-1-6.webp 800w, https:\/\/shmodular.com\/wp-content\/uploads\/2026\/03\/1-1-6-186x500.webp 186w, https:\/\/shmodular.com\/wp-content\/uploads\/2026\/03\/1-1-6-447x1200.webp 447w, https:\/\/shmodular.com\/wp-content\/uploads\/2026\/03\/1-1-6-112x300.webp 112w, https:\/\/shmodular.com\/wp-content\/uploads\/2026\/03\/1-1-6-768x2061.webp 768w, https:\/\/shmodular.com\/wp-content\/uploads\/2026\/03\/1-1-6-572x1536.webp 572w, https:\/\/shmodular.com\/wp-content\/uploads\/2026\/03\/1-1-6-763x2048.webp 763w, https:\/\/shmodular.com\/wp-content\/uploads\/2026\/03\/1-1-6-4x12.webp 4w, https:\/\/shmodular.com\/wp-content\/uploads\/2026\/03\/1-1-6-28x75.webp 28w, https:\/\/shmodular.com\/wp-content\/uploads\/2026\/03\/1-1-6-361x968.webp 361w\" sizes=\"auto, (max-width:767px) 484px, (max-width:800px) 100vw, 800px\" \/> <img loading=\"lazy\" decoding=\"async\" class=\"aligncenter size-full wp-image-193\" src=\"https:\/\/shmodular.com\/wp-content\/uploads\/2026\/03\/1-1-7.webp\" alt=\"\" width=\"800\" height=\"2108\" srcset=\"https:\/\/shmodular.com\/wp-content\/uploads\/2026\/03\/1-1-7.webp 800w, https:\/\/shmodular.com\/wp-content\/uploads\/2026\/03\/1-1-7-190x500.webp 190w, https:\/\/shmodular.com\/wp-content\/uploads\/2026\/03\/1-1-7-455x1200.webp 455w, https:\/\/shmodular.com\/wp-content\/uploads\/2026\/03\/1-1-7-114x300.webp 114w, https:\/\/shmodular.com\/wp-content\/uploads\/2026\/03\/1-1-7-768x2024.webp 768w, https:\/\/shmodular.com\/wp-content\/uploads\/2026\/03\/1-1-7-583x1536.webp 583w, https:\/\/shmodular.com\/wp-content\/uploads\/2026\/03\/1-1-7-777x2048.webp 777w, https:\/\/shmodular.com\/wp-content\/uploads\/2026\/03\/1-1-7-5x12.webp 5w, https:\/\/shmodular.com\/wp-content\/uploads\/2026\/03\/1-1-7-28x75.webp 28w, https:\/\/shmodular.com\/wp-content\/uploads\/2026\/03\/1-1-7-367x968.webp 367w\" sizes=\"auto, (max-width:767px) 484px, (max-width:800px) 100vw, 800px\" \/> <img loading=\"lazy\" decoding=\"async\" class=\"aligncenter size-full wp-image-191\" src=\"https:\/\/shmodular.com\/wp-content\/uploads\/2026\/03\/1-1-8-scaled.webp\" alt=\"\" width=\"675\" height=\"2560\" srcset=\"https:\/\/shmodular.com\/wp-content\/uploads\/2026\/03\/1-1-8-scaled.webp 675w, https:\/\/shmodular.com\/wp-content\/uploads\/2026\/03\/1-1-8-132x500.webp 132w, https:\/\/shmodular.com\/wp-content\/uploads\/2026\/03\/1-1-8-79x300.webp 79w, https:\/\/shmodular.com\/wp-content\/uploads\/2026\/03\/1-1-8-768x2913.webp 768w, https:\/\/shmodular.com\/wp-content\/uploads\/2026\/03\/1-1-8-405x1536.webp 405w, https:\/\/shmodular.com\/wp-content\/uploads\/2026\/03\/1-1-8-540x2048.webp 540w, https:\/\/shmodular.com\/wp-content\/uploads\/2026\/03\/1-1-8-3x12.webp 3w, https:\/\/shmodular.com\/wp-content\/uploads\/2026\/03\/1-1-8-20x75.webp 20w, https:\/\/shmodular.com\/wp-content\/uploads\/2026\/03\/1-1-8-255x968.webp 255w\" sizes=\"auto, (max-width:767px) 484px, 675px\" \/><\/p>","protected":false},"excerpt":{"rendered":"<p>01. Adapt\u00e9 \u00e0 tous les terrains, d\u00e9veloppement respectueux de l&#039;environnement<br \/>\nPas besoin de fondations\u00a0; adaptable \u00e0 divers terrains tels que les montagnes, les for\u00eats denses et les vasi\u00e8res. Aucun dommage \u00e0 la v\u00e9g\u00e9tation ni production de d\u00e9chets de construction, garantissant un d\u00e9veloppement respectueux de l\u2019environnement.<\/p>\n<p>02. Maisons pr\u00e9fabriqu\u00e9es, installation rapide<br \/>\n30 jours de production en usine, et des maisons enti\u00e8rement int\u00e9gr\u00e9es pr\u00eates \u00e0 l&#039;emploi dans les 2 heures suivant l&#039;installation, sans besoin de travaux de construction ou de r\u00e9novation sur site.<\/p>\n<p>03. Un design digne d&#039;Instagram et qui attire l&#039;attention<br \/>\nCe lieu attire l&#039;attention des influenceurs des m\u00e9dias sociaux, m\u00ealant technologie, culture et nature, et attirant naturellement un flux constant de fans.<\/p>\n<p>04. Vue panoramique, retour \u00e0 la nature<br \/>\nDot\u00e9e de baies vitr\u00e9es panoramiques \u00e0 270\u00b0 du sol au plafond, offrant isolation et conservation de la chaleur pour une exp\u00e9rience confortable en pleine nature, vous permettant de dormir au milieu du paysage et de profiter de la pure beaut\u00e9 de la nature.<\/p>","protected":false},"featured_media":190,"template":"","meta":[],"product_brand":[],"product_cat":[24,32],"product_tag":[],"class_list":{"0":"post-186","1":"product","2":"type-product","3":"status-publish","4":"has-post-thumbnail","6":"product_cat-capsule-house","7":"product_cat-x3","9":"first","10":"instock","11":"shipping-taxable","12":"product-type-external"},"yoast_head":"<!-- This site is optimized with the Yoast SEO plugin v26.6 - https:\/\/yoast.com\/wordpress\/plugins\/seo\/ -->\n<title>Capsule House - X3 - SHM<\/title>\n<meta name=\"robots\" content=\"index, follow, max-snippet:-1, max-image-preview:large, max-video-preview:-1\" \/>\n<link rel=\"canonical\" href=\"https:\/\/shmodular.com\/fr\/produit\/x3\/\" \/>\n<meta property=\"og:locale\" content=\"fr_FR\" \/>\n<meta property=\"og:type\" content=\"article\" \/>\n<meta property=\"og:title\" content=\"Capsule House - X3 - SHM\" \/>\n<meta property=\"og:description\" content=\"01. Suitable for All Terrains, Eco-Friendly Development No need for a foundation; adaptable to various terrains such as mountains, dense forests, and tidal flats. No damage to vegetation or generation of construction waste, ensuring eco-friendly development.  02. Prefabricated Homes, Quick Setup 30 days of production in the factory, and fully integrated houses are ready to use within 2 hours of installation, with no need for on-site construction or renovation.  03. Instagram-Worthy, Eye-Catching Design Attracts attention as a must-see spot for social media influencers, blending technology, culture, and nature, naturally drawing in fan traffic  04. Panoramic View, Return to Nature Featuring 270\u00b0 floor-to-ceiling panoramic windows, offering insulation and heat preservation for a cozy experience in nature, allowing you to sleep amidst the scenery and enjoy the pure beauty of nature.\" \/>\n<meta property=\"og:url\" content=\"https:\/\/shmodular.com\/fr\/produit\/x3\/\" \/>\n<meta property=\"og:site_name\" content=\"SHM\" \/>\n<meta property=\"article:modified_time\" content=\"2026-03-03T08:22:40+00:00\" \/>\n<meta property=\"og:image\" content=\"https:\/\/shmodular.com\/wp-content\/uploads\/2026\/03\/1-1-2.webp\" \/>\n\t<meta property=\"og:image:width\" content=\"1200\" \/>\n\t<meta property=\"og:image:height\" content=\"756\" \/>\n\t<meta property=\"og:image:type\" content=\"image\/webp\" \/>\n<meta name=\"twitter:card\" content=\"summary_large_image\" \/>\n<meta name=\"twitter:label1\" content=\"Dur\u00e9e de lecture estim\u00e9e\" \/>\n\t<meta name=\"twitter:data1\" content=\"2 minutes\" \/>\n<script type=\"application\/ld+json\" class=\"yoast-schema-graph\">{\"@context\":\"https:\/\/schema.org\",\"@graph\":[{\"@type\":\"WebPage\",\"@id\":\"https:\/\/shmodular.com\/product\/x3\/\",\"url\":\"https:\/\/shmodular.com\/product\/x3\/\",\"name\":\"Capsule House - X3 - SHM\",\"isPartOf\":{\"@id\":\"https:\/\/shmodular.com\/#website\"},\"primaryImageOfPage\":{\"@id\":\"https:\/\/shmodular.com\/product\/x3\/#primaryimage\"},\"image\":{\"@id\":\"https:\/\/shmodular.com\/product\/x3\/#primaryimage\"},\"thumbnailUrl\":\"https:\/\/shmodular.com\/wp-content\/uploads\/2026\/03\/1-1-2.webp\",\"datePublished\":\"2026-03-03T08:16:21+00:00\",\"dateModified\":\"2026-03-03T08:22:40+00:00\",\"breadcrumb\":{\"@id\":\"https:\/\/shmodular.com\/product\/x3\/#breadcrumb\"},\"inLanguage\":\"fr-FR\",\"potentialAction\":[{\"@type\":\"ReadAction\",\"target\":[\"https:\/\/shmodular.com\/product\/x3\/\"]}]},{\"@type\":\"ImageObject\",\"inLanguage\":\"fr-FR\",\"@id\":\"https:\/\/shmodular.com\/product\/x3\/#primaryimage\",\"url\":\"https:\/\/shmodular.com\/wp-content\/uploads\/2026\/03\/1-1-2.webp\",\"contentUrl\":\"https:\/\/shmodular.com\/wp-content\/uploads\/2026\/03\/1-1-2.webp\",\"width\":1200,\"height\":756},{\"@type\":\"BreadcrumbList\",\"@id\":\"https:\/\/shmodular.com\/product\/x3\/#breadcrumb\",\"itemListElement\":[{\"@type\":\"ListItem\",\"position\":1,\"name\":\"Home\",\"item\":\"https:\/\/shmodular.com\/\"},{\"@type\":\"ListItem\",\"position\":2,\"name\":\"Product\",\"item\":\"https:\/\/shmodular.com\/product\/\"},{\"@type\":\"ListItem\",\"position\":3,\"name\":\"Capsule House &#8211; X3\"}]},{\"@type\":\"WebSite\",\"@id\":\"https:\/\/shmodular.com\/#website\",\"url\":\"https:\/\/shmodular.com\/\",\"name\":\"SHM\",\"description\":\"SHM\",\"potentialAction\":[{\"@type\":\"SearchAction\",\"target\":{\"@type\":\"EntryPoint\",\"urlTemplate\":\"https:\/\/shmodular.com\/?s={search_term_string}\"},\"query-input\":{\"@type\":\"PropertyValueSpecification\",\"valueRequired\":true,\"valueName\":\"search_term_string\"}}],\"inLanguage\":\"fr-FR\"}]}<\/script>\n<!-- \/ Yoast SEO plugin. -->","yoast_head_json":{"title":"Capsule House - X3 - SHM","robots":{"index":"index","follow":"follow","max-snippet":"max-snippet:-1","max-image-preview":"max-image-preview:large","max-video-preview":"max-video-preview:-1"},"canonical":"https:\/\/shmodular.com\/fr\/produit\/x3\/","og_locale":"fr_FR","og_type":"article","og_title":"Capsule House - X3 - SHM","og_description":"01. Suitable for All Terrains, Eco-Friendly Development No need for a foundation; adaptable to various terrains such as mountains, dense forests, and tidal flats. No damage to vegetation or generation of construction waste, ensuring eco-friendly development.  02. Prefabricated Homes, Quick Setup 30 days of production in the factory, and fully integrated houses are ready to use within 2 hours of installation, with no need for on-site construction or renovation.  03. Instagram-Worthy, Eye-Catching Design Attracts attention as a must-see spot for social media influencers, blending technology, culture, and nature, naturally drawing in fan traffic  04. Panoramic View, Return to Nature Featuring 270\u00b0 floor-to-ceiling panoramic windows, offering insulation and heat preservation for a cozy experience in nature, allowing you to sleep amidst the scenery and enjoy the pure beauty of nature.","og_url":"https:\/\/shmodular.com\/fr\/produit\/x3\/","og_site_name":"SHM","article_modified_time":"2026-03-03T08:22:40+00:00","og_image":[{"width":1200,"height":756,"url":"https:\/\/shmodular.com\/wp-content\/uploads\/2026\/03\/1-1-2.webp","type":"image\/webp"}],"twitter_card":"summary_large_image","twitter_misc":{"Dur\u00e9e de lecture estim\u00e9e":"2 minutes"},"schema":{"@context":"https:\/\/schema.org","@graph":[{"@type":"WebPage","@id":"https:\/\/shmodular.com\/product\/x3\/","url":"https:\/\/shmodular.com\/product\/x3\/","name":"Capsule House - X3 - SHM","isPartOf":{"@id":"https:\/\/shmodular.com\/#website"},"primaryImageOfPage":{"@id":"https:\/\/shmodular.com\/product\/x3\/#primaryimage"},"image":{"@id":"https:\/\/shmodular.com\/product\/x3\/#primaryimage"},"thumbnailUrl":"https:\/\/shmodular.com\/wp-content\/uploads\/2026\/03\/1-1-2.webp","datePublished":"2026-03-03T08:16:21+00:00","dateModified":"2026-03-03T08:22:40+00:00","breadcrumb":{"@id":"https:\/\/shmodular.com\/product\/x3\/#breadcrumb"},"inLanguage":"fr-FR","potentialAction":[{"@type":"ReadAction","target":["https:\/\/shmodular.com\/product\/x3\/"]}]},{"@type":"ImageObject","inLanguage":"fr-FR","@id":"https:\/\/shmodular.com\/product\/x3\/#primaryimage","url":"https:\/\/shmodular.com\/wp-content\/uploads\/2026\/03\/1-1-2.webp","contentUrl":"https:\/\/shmodular.com\/wp-content\/uploads\/2026\/03\/1-1-2.webp","width":1200,"height":756},{"@type":"BreadcrumbList","@id":"https:\/\/shmodular.com\/product\/x3\/#breadcrumb","itemListElement":[{"@type":"ListItem","position":1,"name":"Home","item":"https:\/\/shmodular.com\/"},{"@type":"ListItem","position":2,"name":"Product","item":"https:\/\/shmodular.com\/product\/"},{"@type":"ListItem","position":3,"name":"Capsule House &#8211; X3"}]},{"@type":"WebSite","@id":"https:\/\/shmodular.com\/#website","url":"https:\/\/shmodular.com\/","name":"SHM","description":"SHM","potentialAction":[{"@type":"SearchAction","target":{"@type":"EntryPoint","urlTemplate":"https:\/\/shmodular.com\/?s={search_term_string}"},"query-input":{"@type":"PropertyValueSpecification","valueRequired":true,"valueName":"search_term_string"}}],"inLanguage":"fr-FR"}]}},"_links":{"self":[{"href":"https:\/\/shmodular.com\/fr\/wp-json\/wp\/v2\/product\/186","targetHints":{"allow":["GET"]}}],"collection":[{"href":"https:\/\/shmodular.com\/fr\/wp-json\/wp\/v2\/product"}],"about":[{"href":"https:\/\/shmodular.com\/fr\/wp-json\/wp\/v2\/types\/product"}],"wp:featuredmedia":[{"embeddable":true,"href":"https:\/\/shmodular.com\/fr\/wp-json\/wp\/v2\/media\/190"}],"wp:attachment":[{"href":"https:\/\/shmodular.com\/fr\/wp-json\/wp\/v2\/media?parent=186"}],"wp:term":[{"taxonomy":"product_brand","embeddable":true,"href":"https:\/\/shmodular.com\/fr\/wp-json\/wp\/v2\/product_brand?post=186"},{"taxonomy":"product_cat","embeddable":true,"href":"https:\/\/shmodular.com\/fr\/wp-json\/wp\/v2\/product_cat?post=186"},{"taxonomy":"product_tag","embeddable":true,"href":"https:\/\/shmodular.com\/fr\/wp-json\/wp\/v2\/product_tag?post=186"}],"curies":[{"name":"wp","href":"https:\/\/api.w.org\/{rel}","templated":true}]}}