{"id":292,"date":"2026-03-03T09:17:12","date_gmt":"2026-03-03T09:17:12","guid":{"rendered":"https:\/\/shmodular.com\/?post_type=product&#038;p=292"},"modified":"2026-03-20T04:21:01","modified_gmt":"2026-03-20T04:21:01","slug":"triangle-house","status":"publish","type":"product","link":"https:\/\/shmodular.com\/de\/produkt\/triangle-house\/","title":{"rendered":"Dreieckshaus"},"content":{"rendered":"<p><img loading=\"lazy\" decoding=\"async\" class=\"aligncenter wp-image-426\" src=\"https:\/\/shmodular.com\/wp-content\/uploads\/2026\/03\/3-1-166.webp\" alt=\"\" width=\"800\" height=\"206\" srcset=\"https:\/\/shmodular.com\/wp-content\/uploads\/2026\/03\/3-1-166.webp 1000w, https:\/\/shmodular.com\/wp-content\/uploads\/2026\/03\/3-1-166-500x129.webp 500w, https:\/\/shmodular.com\/wp-content\/uploads\/2026\/03\/3-1-166-300x77.webp 300w, https:\/\/shmodular.com\/wp-content\/uploads\/2026\/03\/3-1-166-768x197.webp 768w, https:\/\/shmodular.com\/wp-content\/uploads\/2026\/03\/3-1-166-18x5.webp 18w, https:\/\/shmodular.com\/wp-content\/uploads\/2026\/03\/3-1-166-150x39.webp 150w, https:\/\/shmodular.com\/wp-content\/uploads\/2026\/03\/3-1-166-484x124.webp 484w, https:\/\/shmodular.com\/wp-content\/uploads\/2026\/03\/3-1-166-800x206.webp 800w\" sizes=\"auto, (max-width:767px) 484px, (max-width:800px) 100vw, 800px\" \/><img loading=\"lazy\" decoding=\"async\" class=\"aligncenter size-full wp-image-299\" src=\"https:\/\/shmodular.com\/wp-content\/uploads\/2026\/03\/3-1-2.webp\" alt=\"\" width=\"800\" height=\"590\" srcset=\"https:\/\/shmodular.com\/wp-content\/uploads\/2026\/03\/3-1-2.webp 800w, https:\/\/shmodular.com\/wp-content\/uploads\/2026\/03\/3-1-2-500x369.webp 500w, https:\/\/shmodular.com\/wp-content\/uploads\/2026\/03\/3-1-2-300x221.webp 300w, https:\/\/shmodular.com\/wp-content\/uploads\/2026\/03\/3-1-2-768x566.webp 768w, https:\/\/shmodular.com\/wp-content\/uploads\/2026\/03\/3-1-2-16x12.webp 16w, https:\/\/shmodular.com\/wp-content\/uploads\/2026\/03\/3-1-2-102x75.webp 102w, https:\/\/shmodular.com\/wp-content\/uploads\/2026\/03\/3-1-2-484x357.webp 484w\" sizes=\"auto, (max-width:767px) 484px, (max-width:800px) 100vw, 800px\" \/> <img loading=\"lazy\" decoding=\"async\" class=\"aligncenter size-full wp-image-301\" src=\"https:\/\/shmodular.com\/wp-content\/uploads\/2026\/03\/3-1-3.webp\" alt=\"\" width=\"800\" height=\"588\" srcset=\"https:\/\/shmodular.com\/wp-content\/uploads\/2026\/03\/3-1-3.webp 800w, https:\/\/shmodular.com\/wp-content\/uploads\/2026\/03\/3-1-3-500x368.webp 500w, https:\/\/shmodular.com\/wp-content\/uploads\/2026\/03\/3-1-3-300x221.webp 300w, https:\/\/shmodular.com\/wp-content\/uploads\/2026\/03\/3-1-3-768x564.webp 768w, https:\/\/shmodular.com\/wp-content\/uploads\/2026\/03\/3-1-3-16x12.webp 16w, https:\/\/shmodular.com\/wp-content\/uploads\/2026\/03\/3-1-3-102x75.webp 102w, https:\/\/shmodular.com\/wp-content\/uploads\/2026\/03\/3-1-3-484x356.webp 484w\" sizes=\"auto, (max-width:767px) 484px, (max-width:800px) 100vw, 800px\" \/> <img loading=\"lazy\" decoding=\"async\" class=\"aligncenter size-full wp-image-300\" src=\"https:\/\/shmodular.com\/wp-content\/uploads\/2026\/03\/3-1-4.webp\" alt=\"\" width=\"800\" height=\"2503\" srcset=\"https:\/\/shmodular.com\/wp-content\/uploads\/2026\/03\/3-1-4.webp 800w, https:\/\/shmodular.com\/wp-content\/uploads\/2026\/03\/3-1-4-160x500.webp 160w, https:\/\/shmodular.com\/wp-content\/uploads\/2026\/03\/3-1-4-384x1200.webp 384w, https:\/\/shmodular.com\/wp-content\/uploads\/2026\/03\/3-1-4-96x300.webp 96w, https:\/\/shmodular.com\/wp-content\/uploads\/2026\/03\/3-1-4-768x2403.webp 768w, https:\/\/shmodular.com\/wp-content\/uploads\/2026\/03\/3-1-4-491x1536.webp 491w, https:\/\/shmodular.com\/wp-content\/uploads\/2026\/03\/3-1-4-655x2048.webp 655w, https:\/\/shmodular.com\/wp-content\/uploads\/2026\/03\/3-1-4-4x12.webp 4w, https:\/\/shmodular.com\/wp-content\/uploads\/2026\/03\/3-1-4-24x75.webp 24w, https:\/\/shmodular.com\/wp-content\/uploads\/2026\/03\/3-1-4-309x968.webp 309w\" sizes=\"auto, (max-width:767px) 484px, (max-width:800px) 100vw, 800px\" \/> <img loading=\"lazy\" decoding=\"async\" class=\"aligncenter size-full wp-image-308\" src=\"https:\/\/shmodular.com\/wp-content\/uploads\/2026\/03\/3-1-5.webp\" alt=\"\" width=\"800\" height=\"2072\" srcset=\"https:\/\/shmodular.com\/wp-content\/uploads\/2026\/03\/3-1-5.webp 800w, https:\/\/shmodular.com\/wp-content\/uploads\/2026\/03\/3-1-5-193x500.webp 193w, https:\/\/shmodular.com\/wp-content\/uploads\/2026\/03\/3-1-5-463x1200.webp 463w, https:\/\/shmodular.com\/wp-content\/uploads\/2026\/03\/3-1-5-116x300.webp 116w, https:\/\/shmodular.com\/wp-content\/uploads\/2026\/03\/3-1-5-768x1989.webp 768w, https:\/\/shmodular.com\/wp-content\/uploads\/2026\/03\/3-1-5-593x1536.webp 593w, https:\/\/shmodular.com\/wp-content\/uploads\/2026\/03\/3-1-5-791x2048.webp 791w, https:\/\/shmodular.com\/wp-content\/uploads\/2026\/03\/3-1-5-5x12.webp 5w, https:\/\/shmodular.com\/wp-content\/uploads\/2026\/03\/3-1-5-29x75.webp 29w, https:\/\/shmodular.com\/wp-content\/uploads\/2026\/03\/3-1-5-374x968.webp 374w\" sizes=\"auto, (max-width:767px) 484px, (max-width:800px) 100vw, 800px\" \/> <img loading=\"lazy\" decoding=\"async\" class=\"aligncenter size-full wp-image-302\" src=\"https:\/\/shmodular.com\/wp-content\/uploads\/2026\/03\/3-1-6.webp\" alt=\"\" width=\"800\" height=\"2247\" srcset=\"https:\/\/shmodular.com\/wp-content\/uploads\/2026\/03\/3-1-6.webp 800w, https:\/\/shmodular.com\/wp-content\/uploads\/2026\/03\/3-1-6-178x500.webp 178w, https:\/\/shmodular.com\/wp-content\/uploads\/2026\/03\/3-1-6-427x1200.webp 427w, https:\/\/shmodular.com\/wp-content\/uploads\/2026\/03\/3-1-6-107x300.webp 107w, https:\/\/shmodular.com\/wp-content\/uploads\/2026\/03\/3-1-6-768x2157.webp 768w, https:\/\/shmodular.com\/wp-content\/uploads\/2026\/03\/3-1-6-547x1536.webp 547w, https:\/\/shmodular.com\/wp-content\/uploads\/2026\/03\/3-1-6-729x2048.webp 729w, https:\/\/shmodular.com\/wp-content\/uploads\/2026\/03\/3-1-6-4x12.webp 4w, https:\/\/shmodular.com\/wp-content\/uploads\/2026\/03\/3-1-6-27x75.webp 27w, https:\/\/shmodular.com\/wp-content\/uploads\/2026\/03\/3-1-6-345x968.webp 345w\" sizes=\"auto, (max-width:767px) 484px, (max-width:800px) 100vw, 800px\" \/> <img loading=\"lazy\" decoding=\"async\" class=\"aligncenter size-full wp-image-305\" src=\"https:\/\/shmodular.com\/wp-content\/uploads\/2026\/03\/3-1-7.webp\" alt=\"\" width=\"800\" height=\"2062\" srcset=\"https:\/\/shmodular.com\/wp-content\/uploads\/2026\/03\/3-1-7.webp 800w, https:\/\/shmodular.com\/wp-content\/uploads\/2026\/03\/3-1-7-194x500.webp 194w, https:\/\/shmodular.com\/wp-content\/uploads\/2026\/03\/3-1-7-466x1200.webp 466w, https:\/\/shmodular.com\/wp-content\/uploads\/2026\/03\/3-1-7-116x300.webp 116w, https:\/\/shmodular.com\/wp-content\/uploads\/2026\/03\/3-1-7-768x1980.webp 768w, https:\/\/shmodular.com\/wp-content\/uploads\/2026\/03\/3-1-7-596x1536.webp 596w, https:\/\/shmodular.com\/wp-content\/uploads\/2026\/03\/3-1-7-795x2048.webp 795w, https:\/\/shmodular.com\/wp-content\/uploads\/2026\/03\/3-1-7-5x12.webp 5w, https:\/\/shmodular.com\/wp-content\/uploads\/2026\/03\/3-1-7-29x75.webp 29w, https:\/\/shmodular.com\/wp-content\/uploads\/2026\/03\/3-1-7-376x968.webp 376w\" sizes=\"auto, (max-width:767px) 484px, (max-width:800px) 100vw, 800px\" \/> <img loading=\"lazy\" decoding=\"async\" class=\"aligncenter size-full wp-image-304\" src=\"https:\/\/shmodular.com\/wp-content\/uploads\/2026\/03\/3-1-8.webp\" alt=\"\" width=\"800\" height=\"2170\" srcset=\"https:\/\/shmodular.com\/wp-content\/uploads\/2026\/03\/3-1-8.webp 800w, https:\/\/shmodular.com\/wp-content\/uploads\/2026\/03\/3-1-8-184x500.webp 184w, https:\/\/shmodular.com\/wp-content\/uploads\/2026\/03\/3-1-8-442x1200.webp 442w, https:\/\/shmodular.com\/wp-content\/uploads\/2026\/03\/3-1-8-111x300.webp 111w, https:\/\/shmodular.com\/wp-content\/uploads\/2026\/03\/3-1-8-768x2083.webp 768w, https:\/\/shmodular.com\/wp-content\/uploads\/2026\/03\/3-1-8-566x1536.webp 566w, https:\/\/shmodular.com\/wp-content\/uploads\/2026\/03\/3-1-8-755x2048.webp 755w, https:\/\/shmodular.com\/wp-content\/uploads\/2026\/03\/3-1-8-4x12.webp 4w, https:\/\/shmodular.com\/wp-content\/uploads\/2026\/03\/3-1-8-28x75.webp 28w, https:\/\/shmodular.com\/wp-content\/uploads\/2026\/03\/3-1-8-357x968.webp 357w\" sizes=\"auto, (max-width:767px) 484px, (max-width:800px) 100vw, 800px\" \/> <img loading=\"lazy\" decoding=\"async\" class=\"aligncenter size-full wp-image-303\" src=\"https:\/\/shmodular.com\/wp-content\/uploads\/2026\/03\/3-1-9.webp\" alt=\"\" width=\"800\" height=\"2037\" srcset=\"https:\/\/shmodular.com\/wp-content\/uploads\/2026\/03\/3-1-9.webp 800w, https:\/\/shmodular.com\/wp-content\/uploads\/2026\/03\/3-1-9-196x500.webp 196w, https:\/\/shmodular.com\/wp-content\/uploads\/2026\/03\/3-1-9-471x1200.webp 471w, https:\/\/shmodular.com\/wp-content\/uploads\/2026\/03\/3-1-9-118x300.webp 118w, https:\/\/shmodular.com\/wp-content\/uploads\/2026\/03\/3-1-9-768x1956.webp 768w, https:\/\/shmodular.com\/wp-content\/uploads\/2026\/03\/3-1-9-603x1536.webp 603w, https:\/\/shmodular.com\/wp-content\/uploads\/2026\/03\/3-1-9-5x12.webp 5w, https:\/\/shmodular.com\/wp-content\/uploads\/2026\/03\/3-1-9-29x75.webp 29w, https:\/\/shmodular.com\/wp-content\/uploads\/2026\/03\/3-1-9-380x968.webp 380w\" sizes=\"auto, (max-width:767px) 484px, (max-width:800px) 100vw, 800px\" \/> <img loading=\"lazy\" decoding=\"async\" class=\"aligncenter size-full wp-image-306\" src=\"https:\/\/shmodular.com\/wp-content\/uploads\/2026\/03\/3-1-10.webp\" alt=\"\" width=\"800\" height=\"1535\" srcset=\"https:\/\/shmodular.com\/wp-content\/uploads\/2026\/03\/3-1-10.webp 800w, https:\/\/shmodular.com\/wp-content\/uploads\/2026\/03\/3-1-10-261x500.webp 261w, https:\/\/shmodular.com\/wp-content\/uploads\/2026\/03\/3-1-10-625x1200.webp 625w, https:\/\/shmodular.com\/wp-content\/uploads\/2026\/03\/3-1-10-156x300.webp 156w, https:\/\/shmodular.com\/wp-content\/uploads\/2026\/03\/3-1-10-768x1474.webp 768w, https:\/\/shmodular.com\/wp-content\/uploads\/2026\/03\/3-1-10-6x12.webp 6w, https:\/\/shmodular.com\/wp-content\/uploads\/2026\/03\/3-1-10-39x75.webp 39w, https:\/\/shmodular.com\/wp-content\/uploads\/2026\/03\/3-1-10-484x929.webp 484w\" sizes=\"auto, (max-width:767px) 484px, (max-width:800px) 100vw, 800px\" \/><\/p>","protected":false},"excerpt":{"rendered":"<p>Das Designkonzept des Triangle House entspringt der Ehrfurcht und Liebe zur Natur. Der nordische Stil ist schlicht und elegant zugleich, mit flie\u00dfenden Linien und sanften Farben, die sich harmonisch in die umgebende Natur einf\u00fcgen. Jeder Zentimeter Raum wurde optimal genutzt. Die gro\u00dfe Fensterfront l\u00e4sst nicht nur viel Licht herein, sondern \u00f6ffnet den Blick auch enorm, sodass man das Gef\u00fchl hat, die Natur sei in den Wohnraum integriert.<\/p>","protected":false},"featured_media":294,"template":"","meta":[],"product_brand":[],"product_cat":[19],"product_tag":[],"class_list":{"0":"post-292","1":"product","2":"type-product","3":"status-publish","4":"has-post-thumbnail","6":"product_cat-triangle-house","8":"first","9":"instock","10":"shipping-taxable","11":"product-type-external"},"yoast_head":"<!-- This site is optimized with the Yoast SEO plugin v26.6 - https:\/\/yoast.com\/wordpress\/plugins\/seo\/ -->\n<title>Triangle House - SHM<\/title>\n<meta name=\"robots\" content=\"index, follow, max-snippet:-1, max-image-preview:large, max-video-preview:-1\" \/>\n<link rel=\"canonical\" href=\"https:\/\/shmodular.com\/de\/produkt\/triangle-house\/\" \/>\n<meta property=\"og:locale\" content=\"de_DE\" \/>\n<meta property=\"og:type\" content=\"article\" \/>\n<meta property=\"og:title\" content=\"Triangle House - SHM\" \/>\n<meta property=\"og:description\" content=\"The design concept of the Triangle House originates from the reverence and love for nature. The Nordic style is simple yet elegant, with smooth exterior lines and soft colors that blend seamlessly with the surrounding natural environment. Every inch of space has been fully utilized. The huge french window on the front not only increase the indoor lighting, but also make the vision extremely open, as if the whole nature has been introduced into the space.\" \/>\n<meta property=\"og:url\" content=\"https:\/\/shmodular.com\/de\/produkt\/triangle-house\/\" \/>\n<meta property=\"og:site_name\" content=\"SHM\" \/>\n<meta property=\"article:modified_time\" content=\"2026-03-20T04:21:01+00:00\" \/>\n<meta property=\"og:image\" content=\"https:\/\/shmodular.com\/wp-content\/uploads\/2026\/03\/3-1-00.webp\" \/>\n\t<meta property=\"og:image:width\" content=\"1200\" \/>\n\t<meta property=\"og:image:height\" content=\"756\" \/>\n\t<meta property=\"og:image:type\" content=\"image\/webp\" \/>\n<meta name=\"twitter:card\" content=\"summary_large_image\" \/>\n<meta name=\"twitter:label1\" content=\"Gesch\u00e4tzte Lesezeit\" \/>\n\t<meta name=\"twitter:data1\" content=\"3\u00a0Minuten\" \/>\n<script type=\"application\/ld+json\" class=\"yoast-schema-graph\">{\"@context\":\"https:\/\/schema.org\",\"@graph\":[{\"@type\":\"WebPage\",\"@id\":\"https:\/\/shmodular.com\/product\/triangle-house\/\",\"url\":\"https:\/\/shmodular.com\/product\/triangle-house\/\",\"name\":\"Triangle House - SHM\",\"isPartOf\":{\"@id\":\"https:\/\/shmodular.com\/#website\"},\"primaryImageOfPage\":{\"@id\":\"https:\/\/shmodular.com\/product\/triangle-house\/#primaryimage\"},\"image\":{\"@id\":\"https:\/\/shmodular.com\/product\/triangle-house\/#primaryimage\"},\"thumbnailUrl\":\"https:\/\/shmodular.com\/wp-content\/uploads\/2026\/03\/3-1-00.webp\",\"datePublished\":\"2026-03-03T09:17:12+00:00\",\"dateModified\":\"2026-03-20T04:21:01+00:00\",\"breadcrumb\":{\"@id\":\"https:\/\/shmodular.com\/product\/triangle-house\/#breadcrumb\"},\"inLanguage\":\"de\",\"potentialAction\":[{\"@type\":\"ReadAction\",\"target\":[\"https:\/\/shmodular.com\/product\/triangle-house\/\"]}]},{\"@type\":\"ImageObject\",\"inLanguage\":\"de\",\"@id\":\"https:\/\/shmodular.com\/product\/triangle-house\/#primaryimage\",\"url\":\"https:\/\/shmodular.com\/wp-content\/uploads\/2026\/03\/3-1-00.webp\",\"contentUrl\":\"https:\/\/shmodular.com\/wp-content\/uploads\/2026\/03\/3-1-00.webp\",\"width\":1200,\"height\":756},{\"@type\":\"BreadcrumbList\",\"@id\":\"https:\/\/shmodular.com\/product\/triangle-house\/#breadcrumb\",\"itemListElement\":[{\"@type\":\"ListItem\",\"position\":1,\"name\":\"Home\",\"item\":\"https:\/\/shmodular.com\/\"},{\"@type\":\"ListItem\",\"position\":2,\"name\":\"Product\",\"item\":\"https:\/\/shmodular.com\/product\/\"},{\"@type\":\"ListItem\",\"position\":3,\"name\":\"Triangle House\"}]},{\"@type\":\"WebSite\",\"@id\":\"https:\/\/shmodular.com\/#website\",\"url\":\"https:\/\/shmodular.com\/\",\"name\":\"SHM\",\"description\":\"SHM\",\"potentialAction\":[{\"@type\":\"SearchAction\",\"target\":{\"@type\":\"EntryPoint\",\"urlTemplate\":\"https:\/\/shmodular.com\/?s={search_term_string}\"},\"query-input\":{\"@type\":\"PropertyValueSpecification\",\"valueRequired\":true,\"valueName\":\"search_term_string\"}}],\"inLanguage\":\"de\"}]}<\/script>\n<!-- \/ Yoast SEO plugin. -->","yoast_head_json":{"title":"Triangle House - SHM","robots":{"index":"index","follow":"follow","max-snippet":"max-snippet:-1","max-image-preview":"max-image-preview:large","max-video-preview":"max-video-preview:-1"},"canonical":"https:\/\/shmodular.com\/de\/produkt\/triangle-house\/","og_locale":"de_DE","og_type":"article","og_title":"Triangle House - SHM","og_description":"The design concept of the Triangle House originates from the reverence and love for nature. The Nordic style is simple yet elegant, with smooth exterior lines and soft colors that blend seamlessly with the surrounding natural environment. Every inch of space has been fully utilized. The huge french window on the front not only increase the indoor lighting, but also make the vision extremely open, as if the whole nature has been introduced into the space.","og_url":"https:\/\/shmodular.com\/de\/produkt\/triangle-house\/","og_site_name":"SHM","article_modified_time":"2026-03-20T04:21:01+00:00","og_image":[{"width":1200,"height":756,"url":"https:\/\/shmodular.com\/wp-content\/uploads\/2026\/03\/3-1-00.webp","type":"image\/webp"}],"twitter_card":"summary_large_image","twitter_misc":{"Gesch\u00e4tzte Lesezeit":"3\u00a0Minuten"},"schema":{"@context":"https:\/\/schema.org","@graph":[{"@type":"WebPage","@id":"https:\/\/shmodular.com\/product\/triangle-house\/","url":"https:\/\/shmodular.com\/product\/triangle-house\/","name":"Triangle House - SHM","isPartOf":{"@id":"https:\/\/shmodular.com\/#website"},"primaryImageOfPage":{"@id":"https:\/\/shmodular.com\/product\/triangle-house\/#primaryimage"},"image":{"@id":"https:\/\/shmodular.com\/product\/triangle-house\/#primaryimage"},"thumbnailUrl":"https:\/\/shmodular.com\/wp-content\/uploads\/2026\/03\/3-1-00.webp","datePublished":"2026-03-03T09:17:12+00:00","dateModified":"2026-03-20T04:21:01+00:00","breadcrumb":{"@id":"https:\/\/shmodular.com\/product\/triangle-house\/#breadcrumb"},"inLanguage":"de","potentialAction":[{"@type":"ReadAction","target":["https:\/\/shmodular.com\/product\/triangle-house\/"]}]},{"@type":"ImageObject","inLanguage":"de","@id":"https:\/\/shmodular.com\/product\/triangle-house\/#primaryimage","url":"https:\/\/shmodular.com\/wp-content\/uploads\/2026\/03\/3-1-00.webp","contentUrl":"https:\/\/shmodular.com\/wp-content\/uploads\/2026\/03\/3-1-00.webp","width":1200,"height":756},{"@type":"BreadcrumbList","@id":"https:\/\/shmodular.com\/product\/triangle-house\/#breadcrumb","itemListElement":[{"@type":"ListItem","position":1,"name":"Home","item":"https:\/\/shmodular.com\/"},{"@type":"ListItem","position":2,"name":"Product","item":"https:\/\/shmodular.com\/product\/"},{"@type":"ListItem","position":3,"name":"Triangle House"}]},{"@type":"WebSite","@id":"https:\/\/shmodular.com\/#website","url":"https:\/\/shmodular.com\/","name":"SHM","description":"SHM","potentialAction":[{"@type":"SearchAction","target":{"@type":"EntryPoint","urlTemplate":"https:\/\/shmodular.com\/?s={search_term_string}"},"query-input":{"@type":"PropertyValueSpecification","valueRequired":true,"valueName":"search_term_string"}}],"inLanguage":"de"}]}},"_links":{"self":[{"href":"https:\/\/shmodular.com\/de\/wp-json\/wp\/v2\/product\/292","targetHints":{"allow":["GET"]}}],"collection":[{"href":"https:\/\/shmodular.com\/de\/wp-json\/wp\/v2\/product"}],"about":[{"href":"https:\/\/shmodular.com\/de\/wp-json\/wp\/v2\/types\/product"}],"wp:featuredmedia":[{"embeddable":true,"href":"https:\/\/shmodular.com\/de\/wp-json\/wp\/v2\/media\/294"}],"wp:attachment":[{"href":"https:\/\/shmodular.com\/de\/wp-json\/wp\/v2\/media?parent=292"}],"wp:term":[{"taxonomy":"product_brand","embeddable":true,"href":"https:\/\/shmodular.com\/de\/wp-json\/wp\/v2\/product_brand?post=292"},{"taxonomy":"product_cat","embeddable":true,"href":"https:\/\/shmodular.com\/de\/wp-json\/wp\/v2\/product_cat?post=292"},{"taxonomy":"product_tag","embeddable":true,"href":"https:\/\/shmodular.com\/de\/wp-json\/wp\/v2\/product_tag?post=292"}],"curies":[{"name":"wp","href":"https:\/\/api.w.org\/{rel}","templated":true}]}}